{"id":11167,"date":"2022-11-14T15:05:32","date_gmt":"2022-11-14T14:05:32","guid":{"rendered":"https:\/\/chesse.org\/riskbedomning-och-substitution\/"},"modified":"2024-04-24T10:02:14","modified_gmt":"2024-04-24T08:02:14","slug":"riskbedomning-och-substitution","status":"publish","type":"page","link":"https:\/\/chesse.org\/sv\/riskbedomning-och-substitution\/","title":{"rendered":"Riskbed\u00f6mning och substitution"},"content":{"rendered":"\t\t<div data-elementor-type=\"wp-page\" data-elementor-id=\"11167\" class=\"elementor elementor-11167 elementor-53\" data-elementor-post-type=\"page\">\n\t\t\t\t\t\t<div class=\"elementor-section elementor-top-section elementor-element elementor-element-e84266c elementor-section-boxed elementor-section-height-default elementor-section-height-default\" data-id=\"e84266c\" data-element_type=\"section\" data-e-type=\"section\">\n\t\t\t\t\t\t<div class=\"elementor-container elementor-column-gap-default\">\n\t\t\t\t\t<div class=\"elementor-column elementor-col-100 elementor-top-column elementor-element elementor-element-ba96091\" data-id=\"ba96091\" data-element_type=\"column\" data-e-type=\"column\">\n\t\t\t<div class=\"elementor-widget-wrap elementor-element-populated\">\n\t\t\t\t\t\t<div class=\"elementor-element elementor-element-e9c611a standfirst elementor-widget elementor-widget-text-editor\" data-id=\"e9c611a\" data-element_type=\"widget\" data-e-type=\"widget\" data-widget_type=\"text-editor.default\">\n\t\t\t\t<div class=\"elementor-widget-container\">\n\t\t\t\t\t\t\t\t\t<p>Syftet med en riskbed\u00f6mning \u00e4r att t\u00e4nka igenom potentiella faror kopplade till en aktivitet och vilka \u00e5tg\u00e4rder som b\u00f6r vidtas f\u00f6r att minska risken och undvika olyckor. Substitution handlar om att p\u00e5 ett systematiskt s\u00e4tt utv\u00e4rdera om kemikalierna som anv\u00e4nds g\u00e5r att byta ut mot mindre farliga alternativ.  <\/p>\n\t\t\t\t\t\t\t\t<\/div>\n\t\t\t\t<\/div>\n\t\t\t\t\t<\/div>\n\t\t<\/div>\n\t\t\t\t\t<\/div>\n\t\t<\/div>\n\t\t\t\t<div class=\"elementor-section elementor-top-section elementor-element elementor-element-809a623 subsectionpage risk-section elementor-section-boxed elementor-section-height-default elementor-section-height-default\" data-id=\"809a623\" data-element_type=\"section\" data-e-type=\"section\">\n\t\t\t\t\t\t<div class=\"elementor-container elementor-column-gap-no\">\n\t\t\t\t\t<div class=\"elementor-column elementor-col-100 elementor-top-column elementor-element elementor-element-edd490c\" data-id=\"edd490c\" data-element_type=\"column\" data-e-type=\"column\">\n\t\t\t<div class=\"elementor-widget-wrap elementor-element-populated\">\n\t\t\t\t\t\t<section class=\"elementor-section elementor-inner-section elementor-element elementor-element-9409423 elementor-section-boxed elementor-section-height-default elementor-section-height-default\" data-id=\"9409423\" data-element_type=\"section\" data-e-type=\"section\">\n\t\t\t\t\t\t<div class=\"elementor-container elementor-column-gap-default\">\n\t\t\t\t\t<div class=\"elementor-column elementor-col-33 elementor-inner-column elementor-element elementor-element-47bd2eb\" data-id=\"47bd2eb\" data-element_type=\"column\" data-e-type=\"column\">\n\t\t\t<div class=\"elementor-widget-wrap elementor-element-populated\">\n\t\t\t\t\t\t<div class=\"elementor-element elementor-element-a73d3c7 elementor-widget elementor-widget-button\" data-id=\"a73d3c7\" data-element_type=\"widget\" data-e-type=\"widget\" data-widget_type=\"button.default\">\n\t\t\t\t<div class=\"elementor-widget-container\">\n\t\t\t\t\t\t\t\t\t<div class=\"elementor-button-wrapper\">\n\t\t\t\t\t<a class=\"elementor-button elementor-button-link elementor-size-lg\" href=\"https:\/\/chesse.org\/sv\/riskbedomning-och-substitution\/riskbedomning\/\">\n\t\t\t\t\t\t<span class=\"elementor-button-content-wrapper\">\n\t\t\t\t\t\t\t\t\t<span class=\"elementor-button-text\">Riskbed\u00f6mning<\/span>\n\t\t\t\t\t<\/span>\n\t\t\t\t\t<\/a>\n\t\t\t\t<\/div>\n\t\t\t\t\t\t\t\t<\/div>\n\t\t\t\t<\/div>\n\t\t\t\t\t<\/div>\n\t\t<\/div>\n\t\t\t\t<div class=\"elementor-column elementor-col-33 elementor-inner-column elementor-element elementor-element-d0ba0a9\" data-id=\"d0ba0a9\" data-element_type=\"column\" data-e-type=\"column\">\n\t\t\t<div class=\"elementor-widget-wrap elementor-element-populated\">\n\t\t\t\t\t\t<div class=\"elementor-element elementor-element-604d0cc elementor-widget elementor-widget-button\" data-id=\"604d0cc\" data-element_type=\"widget\" data-e-type=\"widget\" data-widget_type=\"button.default\">\n\t\t\t\t<div class=\"elementor-widget-container\">\n\t\t\t\t\t\t\t\t\t<div class=\"elementor-button-wrapper\">\n\t\t\t\t\t<a class=\"elementor-button elementor-button-link elementor-size-lg\" href=\"https:\/\/chesse.org\/sv\/riskbedomning-och-substitution\/substitution\/\">\n\t\t\t\t\t\t<span class=\"elementor-button-content-wrapper\">\n\t\t\t\t\t\t\t\t\t<span class=\"elementor-button-text\">Substitution<\/span>\n\t\t\t\t\t<\/span>\n\t\t\t\t\t<\/a>\n\t\t\t\t<\/div>\n\t\t\t\t\t\t\t\t<\/div>\n\t\t\t\t<\/div>\n\t\t\t\t\t<\/div>\n\t\t<\/div>\n\t\t\t\t<div class=\"elementor-column elementor-col-33 elementor-inner-column elementor-element elementor-element-fe7d51f\" data-id=\"fe7d51f\" data-element_type=\"column\" data-e-type=\"column\">\n\t\t\t<div class=\"elementor-widget-wrap\">\n\t\t\t\t\t\t\t<\/div>\n\t\t<\/div>\n\t\t\t\t\t<\/div>\n\t\t<\/section>\n\t\t\t\t\t<\/div>\n\t\t<\/div>\n\t\t\t\t\t<\/div>\n\t\t<\/div>\n\t\t\t\t<\/div>\n\t\t","protected":false},"excerpt":{"rendered":"<p>Syftet med en riskbed\u00f6mning \u00e4r att t\u00e4nka igenom potentiella faror kopplade till en aktivitet och vilka \u00e5tg\u00e4rder som b\u00f6r vidtas f\u00f6r att minska risken och undvika olyckor. Substitution handlar om att p\u00e5 ett systematiskt s\u00e4tt utv\u00e4rdera om kemikalierna som anv\u00e4nds g\u00e5r att byta ut mot mindre farliga alternativ. Riskbed\u00f6mning Substitution<\/p>\n","protected":false},"author":43,"featured_media":0,"parent":0,"menu_order":1,"comment_status":"closed","ping_status":"closed","template":"","meta":{"footnotes":""},"class_list":["post-11167","page","type-page","status-publish","hentry"],"yoast_head":"<!-- This site is optimized with the Yoast SEO plugin v27.5 - https:\/\/yoast.com\/product\/yoast-seo-wordpress\/ -->\n<title>Riskbed\u00f6mning och substitution &#8211; Chemical Safety in Science Education<\/title>\n<meta name=\"description\" content=\"Syftet med en riskbed\u00f6mning \u00e4r att t\u00e4nka igenom potentiella faror kopplade till en aktivitet och vilka \u00e5tg\u00e4rder som b\u00f6r vidtas f\u00f6r att minska risken och undvika olyckor. Substitution handlar om att p\u00e5 ett systematiskt s\u00e4tt utv\u00e4rdera om kemikalierna som anv\u00e4nds g\u00e5r att byta ut mot mindre farliga alternativ.\" \/>\n<meta name=\"robots\" content=\"index, follow, max-snippet:-1, max-image-preview:large, max-video-preview:-1\" \/>\n<link rel=\"canonical\" href=\"https:\/\/chesse.org\/sv\/riskbedomning-och-substitution\/\" \/>\n<meta property=\"og:locale\" content=\"sv_SE\" \/>\n<meta property=\"og:type\" content=\"article\" \/>\n<meta property=\"og:title\" content=\"Riskbed\u00f6mning och substitution &#8211; Chemical Safety in Science Education\" \/>\n<meta property=\"og:description\" content=\"Syftet med en riskbed\u00f6mning \u00e4r att t\u00e4nka igenom potentiella faror kopplade till en aktivitet och vilka \u00e5tg\u00e4rder som b\u00f6r vidtas f\u00f6r att minska risken och undvika olyckor. Substitution handlar om att p\u00e5 ett systematiskt s\u00e4tt utv\u00e4rdera om kemikalierna som anv\u00e4nds g\u00e5r att byta ut mot mindre farliga alternativ.\" \/>\n<meta property=\"og:url\" content=\"https:\/\/chesse.org\/sv\/riskbedomning-och-substitution\/\" \/>\n<meta property=\"og:site_name\" content=\"Chemical Safety in Science Education\" \/>\n<meta property=\"article:modified_time\" content=\"2024-04-24T08:02:14+00:00\" \/>\n<meta property=\"og:image\" content=\"https:\/\/chesse.org\/wp-content\/uploads\/2022\/06\/chesse-sharing.png\" \/>\n\t<meta property=\"og:image:width\" content=\"1200\" \/>\n\t<meta property=\"og:image:height\" content=\"630\" \/>\n\t<meta property=\"og:image:type\" content=\"image\/png\" \/>\n<meta name=\"twitter:card\" content=\"summary_large_image\" \/>\n<script type=\"application\/ld+json\" class=\"yoast-schema-graph\">{\"@context\":\"https:\\\/\\\/schema.org\",\"@graph\":[{\"@type\":\"WebPage\",\"@id\":\"https:\\\/\\\/chesse.org\\\/sv\\\/riskbedomning-och-substitution\\\/\",\"url\":\"https:\\\/\\\/chesse.org\\\/sv\\\/riskbedomning-och-substitution\\\/\",\"name\":\"Riskbed\u00f6mning och substitution &#8211; Chemical Safety in Science Education\",\"isPartOf\":{\"@id\":\"https:\\\/\\\/chesse.org\\\/sv\\\/#website\"},\"datePublished\":\"2022-11-14T14:05:32+00:00\",\"dateModified\":\"2024-04-24T08:02:14+00:00\",\"description\":\"Syftet med en riskbed\u00f6mning \u00e4r att t\u00e4nka igenom potentiella faror kopplade till en aktivitet och vilka \u00e5tg\u00e4rder som b\u00f6r vidtas f\u00f6r att minska risken och undvika olyckor. Substitution handlar om att p\u00e5 ett systematiskt s\u00e4tt utv\u00e4rdera om kemikalierna som anv\u00e4nds g\u00e5r att byta ut mot mindre farliga alternativ.\",\"breadcrumb\":{\"@id\":\"https:\\\/\\\/chesse.org\\\/sv\\\/riskbedomning-och-substitution\\\/#breadcrumb\"},\"inLanguage\":\"sv-SE\",\"potentialAction\":[{\"@type\":\"ReadAction\",\"target\":[\"https:\\\/\\\/chesse.org\\\/sv\\\/riskbedomning-och-substitution\\\/\"]}]},{\"@type\":\"BreadcrumbList\",\"@id\":\"https:\\\/\\\/chesse.org\\\/sv\\\/riskbedomning-och-substitution\\\/#breadcrumb\",\"itemListElement\":[{\"@type\":\"ListItem\",\"position\":1,\"name\":\"Hem\",\"item\":\"https:\\\/\\\/chesse.org\\\/sv\\\/\"},{\"@type\":\"ListItem\",\"position\":2,\"name\":\"Riskbed\u00f6mning och substitution\"}]},{\"@type\":\"WebSite\",\"@id\":\"https:\\\/\\\/chesse.org\\\/sv\\\/#website\",\"url\":\"https:\\\/\\\/chesse.org\\\/sv\\\/\",\"name\":\"Chemical Safety in Science Education\",\"description\":\"Condensed, up-to date information for science and chemistry teachers, head of schools and science teacher educators.\",\"publisher\":{\"@id\":\"https:\\\/\\\/chesse.org\\\/sv\\\/#organization\"},\"potentialAction\":[{\"@type\":\"SearchAction\",\"target\":{\"@type\":\"EntryPoint\",\"urlTemplate\":\"https:\\\/\\\/chesse.org\\\/sv\\\/?s={search_term_string}\"},\"query-input\":{\"@type\":\"PropertyValueSpecification\",\"valueRequired\":true,\"valueName\":\"search_term_string\"}}],\"inLanguage\":\"sv-SE\"},{\"@type\":\"Organization\",\"@id\":\"https:\\\/\\\/chesse.org\\\/sv\\\/#organization\",\"name\":\"Online resources for Chemical Safety in Science Education\",\"url\":\"https:\\\/\\\/chesse.org\\\/sv\\\/\",\"logo\":{\"@type\":\"ImageObject\",\"inLanguage\":\"sv-SE\",\"@id\":\"https:\\\/\\\/chesse.org\\\/sv\\\/#\\\/schema\\\/logo\\\/image\\\/\",\"url\":\"https:\\\/\\\/chesse.org\\\/wp-content\\\/uploads\\\/2020\\\/10\\\/CheSSE_logo-01.svg\",\"contentUrl\":\"https:\\\/\\\/chesse.org\\\/wp-content\\\/uploads\\\/2020\\\/10\\\/CheSSE_logo-01.svg\",\"width\":350,\"height\":100,\"caption\":\"Online resources for Chemical Safety in Science Education\"},\"image\":{\"@id\":\"https:\\\/\\\/chesse.org\\\/sv\\\/#\\\/schema\\\/logo\\\/image\\\/\"}}]}<\/script>\n<!-- \/ Yoast SEO plugin. -->","yoast_head_json":{"title":"Riskbed\u00f6mning och substitution &#8211; Chemical Safety in Science Education","description":"Syftet med en riskbed\u00f6mning \u00e4r att t\u00e4nka igenom potentiella faror kopplade till en aktivitet och vilka \u00e5tg\u00e4rder som b\u00f6r vidtas f\u00f6r att minska risken och undvika olyckor. Substitution handlar om att p\u00e5 ett systematiskt s\u00e4tt utv\u00e4rdera om kemikalierna som anv\u00e4nds g\u00e5r att byta ut mot mindre farliga alternativ.","robots":{"index":"index","follow":"follow","max-snippet":"max-snippet:-1","max-image-preview":"max-image-preview:large","max-video-preview":"max-video-preview:-1"},"canonical":"https:\/\/chesse.org\/sv\/riskbedomning-och-substitution\/","og_locale":"sv_SE","og_type":"article","og_title":"Riskbed\u00f6mning och substitution &#8211; Chemical Safety in Science Education","og_description":"Syftet med en riskbed\u00f6mning \u00e4r att t\u00e4nka igenom potentiella faror kopplade till en aktivitet och vilka \u00e5tg\u00e4rder som b\u00f6r vidtas f\u00f6r att minska risken och undvika olyckor. Substitution handlar om att p\u00e5 ett systematiskt s\u00e4tt utv\u00e4rdera om kemikalierna som anv\u00e4nds g\u00e5r att byta ut mot mindre farliga alternativ.","og_url":"https:\/\/chesse.org\/sv\/riskbedomning-och-substitution\/","og_site_name":"Chemical Safety in Science Education","article_modified_time":"2024-04-24T08:02:14+00:00","og_image":[{"width":1200,"height":630,"url":"https:\/\/chesse.org\/wp-content\/uploads\/2022\/06\/chesse-sharing.png","type":"image\/png"}],"twitter_card":"summary_large_image","schema":{"@context":"https:\/\/schema.org","@graph":[{"@type":"WebPage","@id":"https:\/\/chesse.org\/sv\/riskbedomning-och-substitution\/","url":"https:\/\/chesse.org\/sv\/riskbedomning-och-substitution\/","name":"Riskbed\u00f6mning och substitution &#8211; Chemical Safety in Science Education","isPartOf":{"@id":"https:\/\/chesse.org\/sv\/#website"},"datePublished":"2022-11-14T14:05:32+00:00","dateModified":"2024-04-24T08:02:14+00:00","description":"Syftet med en riskbed\u00f6mning \u00e4r att t\u00e4nka igenom potentiella faror kopplade till en aktivitet och vilka \u00e5tg\u00e4rder som b\u00f6r vidtas f\u00f6r att minska risken och undvika olyckor. Substitution handlar om att p\u00e5 ett systematiskt s\u00e4tt utv\u00e4rdera om kemikalierna som anv\u00e4nds g\u00e5r att byta ut mot mindre farliga alternativ.","breadcrumb":{"@id":"https:\/\/chesse.org\/sv\/riskbedomning-och-substitution\/#breadcrumb"},"inLanguage":"sv-SE","potentialAction":[{"@type":"ReadAction","target":["https:\/\/chesse.org\/sv\/riskbedomning-och-substitution\/"]}]},{"@type":"BreadcrumbList","@id":"https:\/\/chesse.org\/sv\/riskbedomning-och-substitution\/#breadcrumb","itemListElement":[{"@type":"ListItem","position":1,"name":"Hem","item":"https:\/\/chesse.org\/sv\/"},{"@type":"ListItem","position":2,"name":"Riskbed\u00f6mning och substitution"}]},{"@type":"WebSite","@id":"https:\/\/chesse.org\/sv\/#website","url":"https:\/\/chesse.org\/sv\/","name":"Chemical Safety in Science Education","description":"Condensed, up-to date information for science and chemistry teachers, head of schools and science teacher educators.","publisher":{"@id":"https:\/\/chesse.org\/sv\/#organization"},"potentialAction":[{"@type":"SearchAction","target":{"@type":"EntryPoint","urlTemplate":"https:\/\/chesse.org\/sv\/?s={search_term_string}"},"query-input":{"@type":"PropertyValueSpecification","valueRequired":true,"valueName":"search_term_string"}}],"inLanguage":"sv-SE"},{"@type":"Organization","@id":"https:\/\/chesse.org\/sv\/#organization","name":"Online resources for Chemical Safety in Science Education","url":"https:\/\/chesse.org\/sv\/","logo":{"@type":"ImageObject","inLanguage":"sv-SE","@id":"https:\/\/chesse.org\/sv\/#\/schema\/logo\/image\/","url":"https:\/\/chesse.org\/wp-content\/uploads\/2020\/10\/CheSSE_logo-01.svg","contentUrl":"https:\/\/chesse.org\/wp-content\/uploads\/2020\/10\/CheSSE_logo-01.svg","width":350,"height":100,"caption":"Online resources for Chemical Safety in Science Education"},"image":{"@id":"https:\/\/chesse.org\/sv\/#\/schema\/logo\/image\/"}}]}},"_links":{"self":[{"href":"https:\/\/chesse.org\/sv\/wp-json\/wp\/v2\/pages\/11167","targetHints":{"allow":["GET"]}}],"collection":[{"href":"https:\/\/chesse.org\/sv\/wp-json\/wp\/v2\/pages"}],"about":[{"href":"https:\/\/chesse.org\/sv\/wp-json\/wp\/v2\/types\/page"}],"author":[{"embeddable":true,"href":"https:\/\/chesse.org\/sv\/wp-json\/wp\/v2\/users\/43"}],"replies":[{"embeddable":true,"href":"https:\/\/chesse.org\/sv\/wp-json\/wp\/v2\/comments?post=11167"}],"version-history":[{"count":27,"href":"https:\/\/chesse.org\/sv\/wp-json\/wp\/v2\/pages\/11167\/revisions"}],"predecessor-version":[{"id":14896,"href":"https:\/\/chesse.org\/sv\/wp-json\/wp\/v2\/pages\/11167\/revisions\/14896"}],"wp:attachment":[{"href":"https:\/\/chesse.org\/sv\/wp-json\/wp\/v2\/media?parent=11167"}],"curies":[{"name":"wp","href":"https:\/\/api.w.org\/{rel}","templated":true}]}}