{"id":12048,"date":"2022-11-29T23:33:48","date_gmt":"2022-11-29T22:33:48","guid":{"rendered":"https:\/\/chesse.org\/personuppgiftsbehandling\/"},"modified":"2026-02-24T10:35:57","modified_gmt":"2026-02-24T09:35:57","slug":"personuppgiftsbehandling","status":"publish","type":"page","link":"https:\/\/chesse.org\/sv\/personuppgiftsbehandling\/","title":{"rendered":"Personuppgiftsbehandling"},"content":{"rendered":"\t\t<div data-elementor-type=\"wp-page\" data-elementor-id=\"12048\" class=\"elementor elementor-12048 elementor-46\" data-elementor-post-type=\"page\">\n\t\t\t\t\t\t<section class=\"elementor-section elementor-top-section elementor-element elementor-element-1e045498 mainLeft elementor-section-boxed elementor-section-height-default elementor-section-height-default\" data-id=\"1e045498\" data-element_type=\"section\" data-e-type=\"section\">\n\t\t\t\t\t\t<div class=\"elementor-container elementor-column-gap-default\">\n\t\t\t\t\t<div class=\"elementor-column elementor-col-100 elementor-top-column elementor-element elementor-element-6ae1532e\" data-id=\"6ae1532e\" data-element_type=\"column\" data-e-type=\"column\">\n\t\t\t<div class=\"elementor-widget-wrap elementor-element-populated\">\n\t\t\t\t\t\t<div class=\"elementor-element elementor-element-5d5d572a elementor-widget elementor-widget-text-editor\" data-id=\"5d5d572a\" data-element_type=\"widget\" data-e-type=\"widget\" data-widget_type=\"text-editor.default\">\n\t\t\t\t<div class=\"elementor-widget-container\">\n\t\t\t\t\t\t\t\t\t<h2>Vilka vi \u00e4r<\/h2><p>Online Resources for Chemical Safety in Science Education, <em>CheSSE<\/em>, \u00e4r ett <a href=\"https:\/\/ec.europa.eu\/programmes\/erasmus-plus\/projects\/eplus-project-details\/#project\/2020-1-SE01-KA201-077945\">tre\u00e5rigt Erasmus+-projekt<\/a> som inleddes den 1 september 2020 och avslutas den 31 augusti 2023. Adressen till v\u00e5r webbplats \u00e4r: https:\/\/chesse.org.<\/p><p>Projektet drivs av Oslo universitet (Norge), Helsingfors universitet (Finland), Ljubljanas universitet (Slovenien) och Stockholms universitet (Sverige). M\u00e5let med CheSSE \u00e4r att utveckla kortfattade, aktuella, digitala resurser om kemis\u00e4kerhet f\u00f6r skolans kemi- och NV-undervisning.<\/p><p>Naturfagsenteret, nationellt centrum f\u00f6r naturvetenskap i undervisningen, vid Oslo universitet (UiO) \u00e4r ansvarig f\u00f6r personuppgifterna p\u00e5 denna webbplats.<\/p><h2>Webbanalys<\/h2><p>Naturfagsenteret samlar in grundl\u00e4ggande webbstatistik f\u00f6r chesse.org med hj\u00e4lp av verktyget Plausible.io. Syftet med detta \u00e4r att samla in statistik som vi anv\u00e4nder f\u00f6r att dokumentera anv\u00e4ndningen, samt f\u00f6rb\u00e4ttra och vidareutveckla webbplatsen. Plausible.io anv\u00e4nder inte cookies och samlar inte in personuppgifter. <br><a href=\"https:\/\/plausible.io\/data-policy\" target=\"_blank\" rel=\"noopener\">Mer information p\u00e5 Plausible.io<\/a><\/p><h2>Cookies och lokal lagring<\/h2><p>chesse.org anv\u00e4nder inte cookies, f\u00f6rutom om du loggar in som f\u00f6rfattare eller \u00f6vers\u00e4ttare, se nedan.<\/p><p>Vissa sidor p\u00e5 webbplatsen inneh\u00e5ller inb\u00e4ddade videor fr\u00e5n Vimeo. Dessa laddas med parametern Do Not Track (dnt=true), som f\u00f6rhindrar Vimeo fr\u00e5n att sp\u00e5ra sessionsdata och begr\u00e4nsar cookies till endast de som kr\u00e4vs f\u00f6r s\u00e4ker drift av spelaren: player_clearance, cf_clearance, _cf_bm och _cfuvid.   <br><a href=\"https:\/\/help.vimeo.com\/hc\/en-us\/articles\/26080940921361-Vimeo-Player-Cookies\">Mer information finns p\u00e5 Vimeo<\/a>.<\/p><p>P\u00e5 sidor som inneh\u00e5ller H5P-inl\u00e4rningsenheter lagrar H5P-pluginet en enda unik identifierare (H5PUserUUID) i din webbl\u00e4sares lokala lagring. Denna identifierare anv\u00e4nds endast f\u00f6r att komma ih\u00e5g dina interaktioner med H5P-aktiviteter p\u00e5 chesse.org (till exempel f\u00f6r att \u00e5teruppta framsteg eller f\u00f6r att undvika att visa samma inneh\u00e5llsuppmaningar upprepade g\u00e5nger). Lokal lagring g\u00e4ller endast f\u00f6r denna webbplats och kan inte anv\u00e4ndas f\u00f6r sp\u00e5rning p\u00e5 andra webbplatser. Om du vill ta bort denna identifierare kan du rensa dina webbplatsdata eller lokal lagring via webbl\u00e4sarens inst\u00e4llningar.   <\/p><h2>F\u00f6r f\u00f6rfattare och \u00f6vers\u00e4ttare av webbplatsen<\/h2><p>Vi lagrar den personliga information som f\u00f6rfattare och \u00f6vers\u00e4ttare skriver i sin anv\u00e4ndarprofil. Alla anv\u00e4ndare kan n\u00e4r som helst se, redigera eller radera sin personliga information (f\u00f6rutom att de inte kan \u00e4ndra sitt anv\u00e4ndarnamn). Webbplatsadministrat\u00f6rer kan ocks\u00e5 se och redigera denna information.<\/p><p>N\u00e4r du anv\u00e4nder insticksprogrammet WPML delar detta insticksprogram med sig av data om webbplatsen via Installer. Inga uppgifter fr\u00e5n anv\u00e4ndaren sj\u00e4lv kommer att delas. WPML Media Translation skickar e-postadressen och namnet p\u00e5 varje kontaktperson och tilldelad \u00f6vers\u00e4ttare samt sj\u00e4lva inneh\u00e5llet till Advanced Translation Editor och till de \u00f6vers\u00e4ttningstj\u00e4nster som anv\u00e4nds. WPML Translation Management skickar e-postadressen och namnet p\u00e5 varje kontaktperson och tilldelad \u00f6vers\u00e4ttare samt sj\u00e4lva inneh\u00e5llet till Advanced Translation Editor och till de \u00f6vers\u00e4ttningstj\u00e4nster som anv\u00e4nds. WPML String Translation skickar alla str\u00e4ngar till WPML:s avancerade \u00f6vers\u00e4ttningsredigerare och till de \u00f6vers\u00e4ttningstj\u00e4nster som anv\u00e4nds.<\/p><p>Cookies:<\/p><ul><li>N\u00e4r du bes\u00f6ker v\u00e5r inloggningssida st\u00e4ller vi in en tillf\u00e4llig cookie f\u00f6r att avg\u00f6ra om din webbl\u00e4sare accepterar cookies. Denna cookie inneh\u00e5ller inga personuppgifter och f\u00f6rsvinner n\u00e4r du st\u00e4nger din webbl\u00e4sare.<\/li><li>N\u00e4r du loggar in kommer vi ocks\u00e5 att s\u00e4tta upp flera cookies f\u00f6r att spara din inloggningsinformation och dina val av sk\u00e4rmvisning. Inloggningscookies r\u00e4cker i tv\u00e5 dagar och cookies f\u00f6r sk\u00e4rmalternativ r\u00e4cker i ett \u00e5r. Om du v\u00e4ljer &#8221;Kom ih\u00e5g mig&#8221; kommer din inloggning att finnas kvar i tv\u00e5 veckor.<\/li><li>Om du loggar ut fr\u00e5n ditt konto tas inloggningscookies bort.<\/li><li>Om du redigerar eller publicerar en artikel sparas ytterligare en cookie i din webbl\u00e4sare. Den h\u00e4r cookien inneh\u00e5ller inga personuppgifter och visar bara inl\u00e4ggs-ID f\u00f6r den artikel du just redigerat. Den upph\u00f6r att g\u00e4lla efter 1 dag.<\/li><li>WPML anv\u00e4nder cookies f\u00f6r att identifiera bes\u00f6karens aktuella spr\u00e5k, det senast bes\u00f6kta spr\u00e5ket och spr\u00e5ket f\u00f6r anv\u00e4ndare som har loggat in.<\/li><\/ul><h2>Kontaktuppgifter<\/h2><p><a href=\"mailto:contact@chesse.org\">support@chesse.org<\/a><\/p>\t\t\t\t\t\t\t\t<\/div>\n\t\t\t\t<\/div>\n\t\t\t\t\t<\/div>\n\t\t<\/div>\n\t\t\t\t\t<\/div>\n\t\t<\/section>\n\t\t\t\t<\/div>\n\t\t","protected":false},"excerpt":{"rendered":"<p>Vilka vi \u00e4r Online Resources for Chemical Safety in Science Education, CheSSE, \u00e4r ett tre\u00e5rigt Erasmus+-projekt som inleddes den 1 september 2020 och avslutas den 31 augusti 2023. Adressen till v\u00e5r webbplats \u00e4r: https:\/\/chesse.org. Projektet drivs av Oslo universitet (Norge), Helsingfors universitet (Finland), Ljubljanas universitet (Slovenien) och Stockholms universitet (Sverige). M\u00e5let med CheSSE \u00e4r att &hellip; <a href=\"https:\/\/chesse.org\/sv\/personuppgiftsbehandling\/\" class=\"more-link\">Forts\u00e4tt l\u00e4sa <span class=\"screen-reader-text\">Personuppgiftsbehandling<\/span> <span class=\"meta-nav\">&rarr;<\/span><\/a><\/p>\n","protected":false},"author":43,"featured_media":0,"parent":0,"menu_order":12,"comment_status":"closed","ping_status":"closed","template":"","meta":{"footnotes":""},"class_list":["post-12048","page","type-page","status-publish","hentry"],"yoast_head":"<!-- This site is optimized with the Yoast SEO plugin v27.3 - https:\/\/yoast.com\/product\/yoast-seo-wordpress\/ -->\n<title>Personuppgiftsbehandling &#8211; Chemical Safety in Science Education<\/title>\n<meta name=\"robots\" content=\"index, follow, max-snippet:-1, max-image-preview:large, max-video-preview:-1\" \/>\n<link rel=\"canonical\" href=\"https:\/\/chesse.org\/sv\/personuppgiftsbehandling\/\" \/>\n<meta property=\"og:locale\" content=\"sv_SE\" \/>\n<meta property=\"og:type\" content=\"article\" \/>\n<meta property=\"og:title\" content=\"Personuppgiftsbehandling &#8211; Chemical Safety in Science Education\" \/>\n<meta property=\"og:description\" content=\"Vilka vi \u00e4r Online Resources for Chemical Safety in Science Education, CheSSE, \u00e4r ett tre\u00e5rigt Erasmus+-projekt som inleddes den 1 september 2020 och avslutas den 31 augusti 2023. Adressen till v\u00e5r webbplats \u00e4r: https:\/\/chesse.org. Projektet drivs av Oslo universitet (Norge), Helsingfors universitet (Finland), Ljubljanas universitet (Slovenien) och Stockholms universitet (Sverige). M\u00e5let med CheSSE \u00e4r att &hellip; Forts\u00e4tt l\u00e4sa Personuppgiftsbehandling &rarr;\" \/>\n<meta property=\"og:url\" content=\"https:\/\/chesse.org\/sv\/personuppgiftsbehandling\/\" \/>\n<meta property=\"og:site_name\" content=\"Chemical Safety in Science Education\" \/>\n<meta property=\"article:modified_time\" content=\"2026-02-24T09:35:57+00:00\" \/>\n<meta property=\"og:image\" content=\"https:\/\/chesse.org\/wp-content\/uploads\/2022\/06\/chesse-sharing.png\" \/>\n\t<meta property=\"og:image:width\" content=\"1200\" \/>\n\t<meta property=\"og:image:height\" content=\"630\" \/>\n\t<meta property=\"og:image:type\" content=\"image\/png\" \/>\n<meta name=\"twitter:card\" content=\"summary_large_image\" \/>\n<script type=\"application\/ld+json\" class=\"yoast-schema-graph\">{\"@context\":\"https:\\\/\\\/schema.org\",\"@graph\":[{\"@type\":\"WebPage\",\"@id\":\"https:\\\/\\\/chesse.org\\\/sv\\\/personuppgiftsbehandling\\\/\",\"url\":\"https:\\\/\\\/chesse.org\\\/sv\\\/personuppgiftsbehandling\\\/\",\"name\":\"Personuppgiftsbehandling &#8211; Chemical Safety in Science Education\",\"isPartOf\":{\"@id\":\"https:\\\/\\\/chesse.org\\\/sv\\\/#website\"},\"datePublished\":\"2022-11-29T22:33:48+00:00\",\"dateModified\":\"2026-02-24T09:35:57+00:00\",\"breadcrumb\":{\"@id\":\"https:\\\/\\\/chesse.org\\\/sv\\\/personuppgiftsbehandling\\\/#breadcrumb\"},\"inLanguage\":\"sv-SE\",\"potentialAction\":[{\"@type\":\"ReadAction\",\"target\":[\"https:\\\/\\\/chesse.org\\\/sv\\\/personuppgiftsbehandling\\\/\"]}]},{\"@type\":\"BreadcrumbList\",\"@id\":\"https:\\\/\\\/chesse.org\\\/sv\\\/personuppgiftsbehandling\\\/#breadcrumb\",\"itemListElement\":[{\"@type\":\"ListItem\",\"position\":1,\"name\":\"Hem\",\"item\":\"https:\\\/\\\/chesse.org\\\/sv\\\/\"},{\"@type\":\"ListItem\",\"position\":2,\"name\":\"Personuppgiftsbehandling\"}]},{\"@type\":\"WebSite\",\"@id\":\"https:\\\/\\\/chesse.org\\\/sv\\\/#website\",\"url\":\"https:\\\/\\\/chesse.org\\\/sv\\\/\",\"name\":\"Chemical Safety in Science Education\",\"description\":\"Condensed, up-to date information for science and chemistry teachers, head of schools and science teacher educators.\",\"publisher\":{\"@id\":\"https:\\\/\\\/chesse.org\\\/sv\\\/#organization\"},\"potentialAction\":[{\"@type\":\"SearchAction\",\"target\":{\"@type\":\"EntryPoint\",\"urlTemplate\":\"https:\\\/\\\/chesse.org\\\/sv\\\/?s={search_term_string}\"},\"query-input\":{\"@type\":\"PropertyValueSpecification\",\"valueRequired\":true,\"valueName\":\"search_term_string\"}}],\"inLanguage\":\"sv-SE\"},{\"@type\":\"Organization\",\"@id\":\"https:\\\/\\\/chesse.org\\\/sv\\\/#organization\",\"name\":\"Online resources for Chemical Safety in Science Education\",\"url\":\"https:\\\/\\\/chesse.org\\\/sv\\\/\",\"logo\":{\"@type\":\"ImageObject\",\"inLanguage\":\"sv-SE\",\"@id\":\"https:\\\/\\\/chesse.org\\\/sv\\\/#\\\/schema\\\/logo\\\/image\\\/\",\"url\":\"https:\\\/\\\/chesse.org\\\/wp-content\\\/uploads\\\/2020\\\/10\\\/CheSSE_logo-01.svg\",\"contentUrl\":\"https:\\\/\\\/chesse.org\\\/wp-content\\\/uploads\\\/2020\\\/10\\\/CheSSE_logo-01.svg\",\"width\":350,\"height\":100,\"caption\":\"Online resources for Chemical Safety in Science Education\"},\"image\":{\"@id\":\"https:\\\/\\\/chesse.org\\\/sv\\\/#\\\/schema\\\/logo\\\/image\\\/\"}}]}<\/script>\n<!-- \/ Yoast SEO plugin. -->","yoast_head_json":{"title":"Personuppgiftsbehandling &#8211; Chemical Safety in Science Education","robots":{"index":"index","follow":"follow","max-snippet":"max-snippet:-1","max-image-preview":"max-image-preview:large","max-video-preview":"max-video-preview:-1"},"canonical":"https:\/\/chesse.org\/sv\/personuppgiftsbehandling\/","og_locale":"sv_SE","og_type":"article","og_title":"Personuppgiftsbehandling &#8211; Chemical Safety in Science Education","og_description":"Vilka vi \u00e4r Online Resources for Chemical Safety in Science Education, CheSSE, \u00e4r ett tre\u00e5rigt Erasmus+-projekt som inleddes den 1 september 2020 och avslutas den 31 augusti 2023. Adressen till v\u00e5r webbplats \u00e4r: https:\/\/chesse.org. Projektet drivs av Oslo universitet (Norge), Helsingfors universitet (Finland), Ljubljanas universitet (Slovenien) och Stockholms universitet (Sverige). M\u00e5let med CheSSE \u00e4r att &hellip; Forts\u00e4tt l\u00e4sa Personuppgiftsbehandling &rarr;","og_url":"https:\/\/chesse.org\/sv\/personuppgiftsbehandling\/","og_site_name":"Chemical Safety in Science Education","article_modified_time":"2026-02-24T09:35:57+00:00","og_image":[{"width":1200,"height":630,"url":"https:\/\/chesse.org\/wp-content\/uploads\/2022\/06\/chesse-sharing.png","type":"image\/png"}],"twitter_card":"summary_large_image","schema":{"@context":"https:\/\/schema.org","@graph":[{"@type":"WebPage","@id":"https:\/\/chesse.org\/sv\/personuppgiftsbehandling\/","url":"https:\/\/chesse.org\/sv\/personuppgiftsbehandling\/","name":"Personuppgiftsbehandling &#8211; Chemical Safety in Science Education","isPartOf":{"@id":"https:\/\/chesse.org\/sv\/#website"},"datePublished":"2022-11-29T22:33:48+00:00","dateModified":"2026-02-24T09:35:57+00:00","breadcrumb":{"@id":"https:\/\/chesse.org\/sv\/personuppgiftsbehandling\/#breadcrumb"},"inLanguage":"sv-SE","potentialAction":[{"@type":"ReadAction","target":["https:\/\/chesse.org\/sv\/personuppgiftsbehandling\/"]}]},{"@type":"BreadcrumbList","@id":"https:\/\/chesse.org\/sv\/personuppgiftsbehandling\/#breadcrumb","itemListElement":[{"@type":"ListItem","position":1,"name":"Hem","item":"https:\/\/chesse.org\/sv\/"},{"@type":"ListItem","position":2,"name":"Personuppgiftsbehandling"}]},{"@type":"WebSite","@id":"https:\/\/chesse.org\/sv\/#website","url":"https:\/\/chesse.org\/sv\/","name":"Chemical Safety in Science Education","description":"Condensed, up-to date information for science and chemistry teachers, head of schools and science teacher educators.","publisher":{"@id":"https:\/\/chesse.org\/sv\/#organization"},"potentialAction":[{"@type":"SearchAction","target":{"@type":"EntryPoint","urlTemplate":"https:\/\/chesse.org\/sv\/?s={search_term_string}"},"query-input":{"@type":"PropertyValueSpecification","valueRequired":true,"valueName":"search_term_string"}}],"inLanguage":"sv-SE"},{"@type":"Organization","@id":"https:\/\/chesse.org\/sv\/#organization","name":"Online resources for Chemical Safety in Science Education","url":"https:\/\/chesse.org\/sv\/","logo":{"@type":"ImageObject","inLanguage":"sv-SE","@id":"https:\/\/chesse.org\/sv\/#\/schema\/logo\/image\/","url":"https:\/\/chesse.org\/wp-content\/uploads\/2020\/10\/CheSSE_logo-01.svg","contentUrl":"https:\/\/chesse.org\/wp-content\/uploads\/2020\/10\/CheSSE_logo-01.svg","width":350,"height":100,"caption":"Online resources for Chemical Safety in Science Education"},"image":{"@id":"https:\/\/chesse.org\/sv\/#\/schema\/logo\/image\/"}}]}},"_links":{"self":[{"href":"https:\/\/chesse.org\/sv\/wp-json\/wp\/v2\/pages\/12048","targetHints":{"allow":["GET"]}}],"collection":[{"href":"https:\/\/chesse.org\/sv\/wp-json\/wp\/v2\/pages"}],"about":[{"href":"https:\/\/chesse.org\/sv\/wp-json\/wp\/v2\/types\/page"}],"author":[{"embeddable":true,"href":"https:\/\/chesse.org\/sv\/wp-json\/wp\/v2\/users\/43"}],"replies":[{"embeddable":true,"href":"https:\/\/chesse.org\/sv\/wp-json\/wp\/v2\/comments?post=12048"}],"version-history":[{"count":17,"href":"https:\/\/chesse.org\/sv\/wp-json\/wp\/v2\/pages\/12048\/revisions"}],"predecessor-version":[{"id":16377,"href":"https:\/\/chesse.org\/sv\/wp-json\/wp\/v2\/pages\/12048\/revisions\/16377"}],"wp:attachment":[{"href":"https:\/\/chesse.org\/sv\/wp-json\/wp\/v2\/media?parent=12048"}],"curies":[{"name":"wp","href":"https:\/\/api.w.org\/{rel}","templated":true}]}}