{"id":13857,"date":"2023-04-24T11:43:55","date_gmt":"2023-04-24T09:43:55","guid":{"rendered":"https:\/\/chesse.org\/gron-kemi\/vad-ar-gron-kemi\/"},"modified":"2025-12-04T21:25:56","modified_gmt":"2025-12-04T20:25:56","slug":"vad-ar-gron-kemi","status":"publish","type":"page","link":"https:\/\/chesse.org\/sv\/gron-kemi\/vad-ar-gron-kemi\/","title":{"rendered":"Vad \u00e4r gr\u00f6n kemi?"},"content":{"rendered":"\t\t<div data-elementor-type=\"wp-page\" data-elementor-id=\"13857\" class=\"elementor elementor-13857 elementor-9158\" data-elementor-post-type=\"page\">\n\t\t\t\t\t\t<section class=\"elementor-section elementor-top-section elementor-element elementor-element-5278eec elementor-section-boxed elementor-section-height-default elementor-section-height-default\" data-id=\"5278eec\" data-element_type=\"section\" data-e-type=\"section\">\n\t\t\t\t\t\t<div class=\"elementor-container elementor-column-gap-default\">\n\t\t\t\t\t<div class=\"elementor-column elementor-col-100 elementor-top-column elementor-element elementor-element-2c6b074\" data-id=\"2c6b074\" data-element_type=\"column\" data-e-type=\"column\">\n\t\t\t<div class=\"elementor-widget-wrap elementor-element-populated\">\n\t\t\t\t\t\t<div class=\"elementor-element elementor-element-3c4ffe1 standfirst elementor-widget elementor-widget-text-editor\" data-id=\"3c4ffe1\" data-element_type=\"widget\" data-e-type=\"widget\" data-widget_type=\"text-editor.default\">\n\t\t\t\t<div class=\"elementor-widget-container\">\n\t\t\t\t\t\t\t\t\t<p>Gr\u00f6n kemi \u00e4r baserad p\u00e5 12 principer vars syfte \u00e4r att bidra till mer milj\u00f6v\u00e4nlig och h\u00e5llbar kemi.<\/p>\t\t\t\t\t\t\t\t<\/div>\n\t\t\t\t<\/div>\n\t\t\t\t<div class=\"elementor-element elementor-element-745b79b elementor-toc--content-ellipsis elementor-toc--minimized-on-none elementor-widget elementor-widget-table-of-contents\" data-id=\"745b79b\" data-element_type=\"widget\" data-e-type=\"widget\" data-settings=\"{&quot;headings_by_tags&quot;:[&quot;h2&quot;],&quot;exclude_headings_by_selector&quot;:&quot;.noTOC&quot;,&quot;marker_view&quot;:&quot;bullets&quot;,&quot;minimized_on&quot;:&quot;none&quot;,&quot;no_headings_message&quot;:&quot;No headings were found on this page.&quot;,&quot;icon&quot;:{&quot;value&quot;:&quot;fas fa-circle&quot;,&quot;library&quot;:&quot;fa-solid&quot;},&quot;minimize_box&quot;:&quot;yes&quot;,&quot;hierarchical_view&quot;:&quot;yes&quot;,&quot;min_height&quot;:{&quot;unit&quot;:&quot;px&quot;,&quot;size&quot;:&quot;&quot;,&quot;sizes&quot;:[]},&quot;min_height_tablet&quot;:{&quot;unit&quot;:&quot;px&quot;,&quot;size&quot;:&quot;&quot;,&quot;sizes&quot;:[]},&quot;min_height_mobile&quot;:{&quot;unit&quot;:&quot;px&quot;,&quot;size&quot;:&quot;&quot;,&quot;sizes&quot;:[]}}\" data-widget_type=\"table-of-contents.default\">\n\t\t\t\t<div class=\"elementor-widget-container\">\n\t\t\t\t\t\t\t\t\t<div class=\"elementor-toc__header\">\n\t\t\t\t\t\t<div class=\"elementor-toc__header-title\">\n\t\t\t\tInneh\u00e5ll\t\t\t<\/div>\n\t\t\t\t\t\t\t\t\t\t<div class=\"elementor-toc__toggle-button elementor-toc__toggle-button--expand\" role=\"button\" tabindex=\"0\" aria-controls=\"elementor-toc__745b79b\" aria-expanded=\"true\" aria-label=\"\u00d6ppna inneh\u00e5llsf\u00f6rteckning\"><i aria-hidden=\"true\" class=\"fas fa-chevron-down\"><\/i><\/div>\n\t\t\t\t<div class=\"elementor-toc__toggle-button elementor-toc__toggle-button--collapse\" role=\"button\" tabindex=\"0\" aria-controls=\"elementor-toc__745b79b\" aria-expanded=\"true\" aria-label=\"St\u00e4ng inneh\u00e5llsf\u00f6rteckning\"><i aria-hidden=\"true\" class=\"fas fa-chevron-up\"><\/i><\/div>\n\t\t\t\t\t<\/div>\n\t\t\t\t<div id=\"elementor-toc__745b79b\" class=\"elementor-toc__body\">\n\t\t\t<div class=\"elementor-toc__spinner-container\">\n\t\t\t\t<i class=\"elementor-toc__spinner eicon-animation-spin eicon-loading\" aria-hidden=\"true\"><\/i>\t\t\t<\/div>\n\t\t<\/div>\n\t\t\t\t\t\t<\/div>\n\t\t\t\t<\/div>\n\t\t\t\t<div class=\"elementor-element elementor-element-08cb767 elementor-widget elementor-widget-text-editor\" data-id=\"08cb767\" data-element_type=\"widget\" data-e-type=\"widget\" data-widget_type=\"text-editor.default\">\n\t\t\t\t<div class=\"elementor-widget-container\">\n\t\t\t\t\t\t\t\t\t<h2>Vad \u00e4r gr\u00f6n kemi?<\/h2><p>Konceptet <em>gr\u00f6n kemi <\/em>utvecklades p\u00e5 90-talet som ett st\u00f6d f\u00f6r att designa kemiska produkter och processer med minskad anv\u00e4ndning och produktion av farliga \u00e4mnen. Det handlar om f\u00f6rebyggande av avfall, energibesparing och bed\u00f6mning av produkters hela livscykel, bland annat genom att designa produkter s\u00e5 att de bryts ner p\u00e5 ett milj\u00f6v\u00e4nligt s\u00e4tt. <\/p><p>Gr\u00f6n kemi bygger p\u00e5 tolv principer som introducerades av Paul Anastas och John Warner 1998 i boken &#8221;Green Chemistry: Theory and Practice&#8221; och erbjuder ett ramverk f\u00f6r h\u00e5llbar och ansvarsfull kemikalieanv\u00e4ndning. \u00c4ven om det inte g\u00e5r att g\u00f6ra alla kemiska processer och produkter helt milj\u00f6v\u00e4nliga, kan den negativa p\u00e5verkan minskas genom att f\u00f6lja de tolv principerna i design, utveckling och anv\u00e4ndning av kemiska produkter och processer. <\/p>\t\t\t\t\t\t\t\t<\/div>\n\t\t\t\t<\/div>\n\t\t\t\t<div class=\"elementor-element elementor-element-45254f6 elementor-widget elementor-widget-text-editor\" data-id=\"45254f6\" data-element_type=\"widget\" data-e-type=\"widget\" data-widget_type=\"text-editor.default\">\n\t\t\t\t<div class=\"elementor-widget-container\">\n\t\t\t\t\t\t\t\t\t<h2>De 12 principerna f\u00f6r gr\u00f6n kemi<\/h2>\n<div class=\"GCP-waste-prevention\">\n<h3>1. Undvik avfall<\/h3>\nDet \u00e4r b\u00e4ttre att minimera m\u00e4ngden avfall, \u00e4n att beh\u00f6va \u00e5teranv\u00e4nda och \u00e5tervinna det avfall som bildats.\n\n<\/div>\n<div class=\"GCP-atom-economy\">\n<h3>2. Maximera atomekonomin<\/h3>\nKemisk syntes b\u00f6r utformas s\u00e5 att atomer som ing\u00e5r i utg\u00e5ngsmaterialen i st\u00f6rsta m\u00f6jliga utstr\u00e4ckning \u00e4ven ing\u00e5r i slutprodukten.\n\n<\/div>\n<div class=\"GCP-less-hazardous-chemical-synthesis\">\n<h3>3. Designa mindre riskfyllda kemiska synteser<\/h3>\nKemiska synteser b\u00f6r utformas s\u00e5 att de \u00e4mnen som anv\u00e4nds och bildas \u00e4r s\u00e5 ofarliga som m\u00f6jligt f\u00f6r b\u00e5de m\u00e4nniskors h\u00e4lsa och milj\u00f6n.\n\n<\/div>\n<div class=\"GCP-designing-safer-chemicals\">\n<h3>4. Designa s\u00e4krare kemikalier<\/h3>\nKemiska produkter b\u00f6r designas s\u00e5 att de har \u00f6nskad funktion samtidigt som skadliga effekter p\u00e5 h\u00e4lsa och milj\u00f6 minimeras.\n\n<\/div>\n<div class=\"GCP-safer-solvents-and-auxiliaries\">\n<h3>5. Anv\u00e4nd s\u00e4krare l\u00f6sningsmedel och hj\u00e4lp\u00e4mnen<\/h3>\nL\u00f6sningsmedel och andra hj\u00e4lp\u00e4mnen b\u00f6r undvikas om det \u00e4r m\u00f6jligt, annars v\u00e4ljs de som \u00e4r minst skadliga f\u00f6r h\u00e4lsa och milj\u00f6.\n\n<\/div>\n<div class=\"GCP-design-for-energy-efficiency\">\n<h3>6. \u00d6ka energieffektiviteten<\/h3>\nKemiska processer b\u00f6r utformas s\u00e5 att de kr\u00e4ver s\u00e5 lite energi som m\u00f6jligt, b\u00e5de av milj\u00f6m\u00e4ssiga och ekonomiska sk\u00e4l. M\u00e5let \u00e4r att synteser ska utf\u00f6ras vid rumstemperatur och normalt tryck. \n\n<\/div>\n<div class=\"GCP-use-of-renewable-feedstock\">\n<h3>7. Anv\u00e4nd f\u00f6rnybara r\u00e5varor<\/h3>\nAnv\u00e4nd om m\u00f6jligt f\u00f6rnybara r\u00e5varor.\n\n<\/div>\n<div class=\"GCP-reduce-derivatives\">\n<h3>8. Begr\u00e4nsa antalet syntessteg<\/h3>\nGenom att begr\u00e4nsa antalet mellansteg i kemiska synteser kan m\u00e4ngden resurser som anv\u00e4nds i syntesen och det bildade avfallet minskas. Detta kan ocks\u00e5 resultera i l\u00e4gre energif\u00f6rbrukning.\n\n<\/div>\n<div class=\"GCP-catalysis\">\n<h3>9. Anv\u00e4nd katalysatorer<\/h3>\nKatalysatorer g\u00f6r det m\u00f6jligt att producera st\u00f6rre m\u00e4ngder av en \u00f6nskad produkt p\u00e5 kortare tid och med mindre energi- och materialkostnader.\n\n<\/div>\n<div class=\"GCP-design-for-degradation\">\n<h3>10. Designa f\u00f6r nedbrytning<\/h3>\nKemiska \u00e4mnen och material ska utformas s\u00e5 att de n\u00e4r de inte l\u00e4ngre kan anv\u00e4ndas, bryts ner till ofarliga \u00e4mnen som inte ansamlas i milj\u00f6n.\n\n<\/div>\n<div class=\"GCP-real-time-analysis-for-pollution-prevention\">\n<h3>11. Analysera i realtid f\u00f6r att f\u00f6rebygga f\u00f6roreningar<\/h3>\nAnalytiska metoder beh\u00f6ver f\u00f6rb\u00e4ttras f\u00f6r att det ska vara m\u00f6jligt att \u00f6vervaka och kontrollera processer i realtid, f\u00f6r att undvika att farliga \u00e4mnen bildas.\n\n<\/div><div class=\"GCP-inherently-safer-chemistry-for-accident-prevention\">\n<h3>12. Minimera risken f\u00f6r olyckor<\/h3>\nDe \u00e4mnena som anv\u00e4nds i kemiska processer b\u00f6r v\u00e4ljas s\u00e5 att risker f\u00f6r olyckor, utsl\u00e4pp, explosioner och br\u00e4nder minimeras.\n\n<\/div>\t\t\t\t\t\t\t\t<\/div>\n\t\t\t\t<\/div>\n\t\t\t\t\t<\/div>\n\t\t<\/div>\n\t\t\t\t\t<\/div>\n\t\t<\/section>\n\t\t\t\t<\/div>\n\t\t","protected":false},"excerpt":{"rendered":"<p>Gr\u00f6n kemi \u00e4r baserad p\u00e5 12 principer vars syfte \u00e4r att bidra till mer milj\u00f6v\u00e4nlig och h\u00e5llbar kemi. Inneh\u00e5ll Vad \u00e4r gr\u00f6n kemi? Konceptet gr\u00f6n kemi utvecklades p\u00e5 90-talet som ett st\u00f6d f\u00f6r att designa kemiska produkter och processer med minskad anv\u00e4ndning och produktion av farliga \u00e4mnen. Det handlar om f\u00f6rebyggande av avfall, energibesparing och &hellip; <a href=\"https:\/\/chesse.org\/sv\/gron-kemi\/vad-ar-gron-kemi\/\" class=\"more-link\">Forts\u00e4tt l\u00e4sa <span class=\"screen-reader-text\">Vad \u00e4r gr\u00f6n kemi?<\/span> <span class=\"meta-nav\">&rarr;<\/span><\/a><\/p>\n","protected":false},"author":43,"featured_media":0,"parent":11510,"menu_order":0,"comment_status":"closed","ping_status":"closed","template":"","meta":{"footnotes":""},"class_list":["post-13857","page","type-page","status-publish","hentry"],"yoast_head":"<!-- This site is optimized with the Yoast SEO plugin v27.4 - https:\/\/yoast.com\/product\/yoast-seo-wordpress\/ -->\n<title>Vad \u00e4r gr\u00f6n kemi? &#8211; Chemical Safety in Science Education<\/title>\n<meta name=\"description\" content=\"Gr\u00f6n kemi \u00e4r baserad p\u00e5 12 principer vars syfte \u00e4r att bidra till mer milj\u00f6v\u00e4nlig och h\u00e5llbar kemi.\" \/>\n<meta name=\"robots\" content=\"index, follow, max-snippet:-1, max-image-preview:large, max-video-preview:-1\" \/>\n<link rel=\"canonical\" href=\"https:\/\/chesse.org\/sv\/gron-kemi\/vad-ar-gron-kemi\/\" \/>\n<meta property=\"og:locale\" content=\"sv_SE\" \/>\n<meta property=\"og:type\" content=\"article\" \/>\n<meta property=\"og:title\" content=\"Vad \u00e4r gr\u00f6n kemi? &#8211; Chemical Safety in Science Education\" \/>\n<meta property=\"og:description\" content=\"Gr\u00f6n kemi \u00e4r baserad p\u00e5 12 principer vars syfte \u00e4r att bidra till mer milj\u00f6v\u00e4nlig och h\u00e5llbar kemi.\" \/>\n<meta property=\"og:url\" content=\"https:\/\/chesse.org\/sv\/gron-kemi\/vad-ar-gron-kemi\/\" \/>\n<meta property=\"og:site_name\" content=\"Chemical Safety in Science Education\" \/>\n<meta property=\"article:modified_time\" content=\"2025-12-04T20:25:56+00:00\" \/>\n<meta property=\"og:image\" content=\"https:\/\/chesse.org\/wp-content\/uploads\/2022\/06\/chesse-sharing.png\" \/>\n\t<meta property=\"og:image:width\" content=\"1200\" \/>\n\t<meta property=\"og:image:height\" content=\"630\" \/>\n\t<meta property=\"og:image:type\" content=\"image\/png\" \/>\n<meta name=\"twitter:card\" content=\"summary_large_image\" \/>\n<script type=\"application\/ld+json\" class=\"yoast-schema-graph\">{\"@context\":\"https:\\\/\\\/schema.org\",\"@graph\":[{\"@type\":\"WebPage\",\"@id\":\"https:\\\/\\\/chesse.org\\\/sv\\\/gron-kemi\\\/vad-ar-gron-kemi\\\/\",\"url\":\"https:\\\/\\\/chesse.org\\\/sv\\\/gron-kemi\\\/vad-ar-gron-kemi\\\/\",\"name\":\"Vad \u00e4r gr\u00f6n kemi? &#8211; Chemical Safety in Science Education\",\"isPartOf\":{\"@id\":\"https:\\\/\\\/chesse.org\\\/sv\\\/#website\"},\"datePublished\":\"2023-04-24T09:43:55+00:00\",\"dateModified\":\"2025-12-04T20:25:56+00:00\",\"description\":\"Gr\u00f6n kemi \u00e4r baserad p\u00e5 12 principer vars syfte \u00e4r att bidra till mer milj\u00f6v\u00e4nlig och h\u00e5llbar kemi.\",\"breadcrumb\":{\"@id\":\"https:\\\/\\\/chesse.org\\\/sv\\\/gron-kemi\\\/vad-ar-gron-kemi\\\/#breadcrumb\"},\"inLanguage\":\"sv-SE\",\"potentialAction\":[{\"@type\":\"ReadAction\",\"target\":[\"https:\\\/\\\/chesse.org\\\/sv\\\/gron-kemi\\\/vad-ar-gron-kemi\\\/\"]}]},{\"@type\":\"BreadcrumbList\",\"@id\":\"https:\\\/\\\/chesse.org\\\/sv\\\/gron-kemi\\\/vad-ar-gron-kemi\\\/#breadcrumb\",\"itemListElement\":[{\"@type\":\"ListItem\",\"position\":1,\"name\":\"Hem\",\"item\":\"https:\\\/\\\/chesse.org\\\/sv\\\/\"},{\"@type\":\"ListItem\",\"position\":2,\"name\":\"Gr\u00f6n kemi\",\"item\":\"https:\\\/\\\/chesse.org\\\/sv\\\/green-chemistry\\\/\"},{\"@type\":\"ListItem\",\"position\":3,\"name\":\"Vad \u00e4r gr\u00f6n kemi?\"}]},{\"@type\":\"WebSite\",\"@id\":\"https:\\\/\\\/chesse.org\\\/sv\\\/#website\",\"url\":\"https:\\\/\\\/chesse.org\\\/sv\\\/\",\"name\":\"Chemical Safety in Science Education\",\"description\":\"Condensed, up-to date information for science and chemistry teachers, head of schools and science teacher educators.\",\"publisher\":{\"@id\":\"https:\\\/\\\/chesse.org\\\/sv\\\/#organization\"},\"potentialAction\":[{\"@type\":\"SearchAction\",\"target\":{\"@type\":\"EntryPoint\",\"urlTemplate\":\"https:\\\/\\\/chesse.org\\\/sv\\\/?s={search_term_string}\"},\"query-input\":{\"@type\":\"PropertyValueSpecification\",\"valueRequired\":true,\"valueName\":\"search_term_string\"}}],\"inLanguage\":\"sv-SE\"},{\"@type\":\"Organization\",\"@id\":\"https:\\\/\\\/chesse.org\\\/sv\\\/#organization\",\"name\":\"Online resources for Chemical Safety in Science Education\",\"url\":\"https:\\\/\\\/chesse.org\\\/sv\\\/\",\"logo\":{\"@type\":\"ImageObject\",\"inLanguage\":\"sv-SE\",\"@id\":\"https:\\\/\\\/chesse.org\\\/sv\\\/#\\\/schema\\\/logo\\\/image\\\/\",\"url\":\"https:\\\/\\\/chesse.org\\\/wp-content\\\/uploads\\\/2020\\\/10\\\/CheSSE_logo-01.svg\",\"contentUrl\":\"https:\\\/\\\/chesse.org\\\/wp-content\\\/uploads\\\/2020\\\/10\\\/CheSSE_logo-01.svg\",\"width\":350,\"height\":100,\"caption\":\"Online resources for Chemical Safety in Science Education\"},\"image\":{\"@id\":\"https:\\\/\\\/chesse.org\\\/sv\\\/#\\\/schema\\\/logo\\\/image\\\/\"}}]}<\/script>\n<!-- \/ Yoast SEO plugin. -->","yoast_head_json":{"title":"Vad \u00e4r gr\u00f6n kemi? &#8211; Chemical Safety in Science Education","description":"Gr\u00f6n kemi \u00e4r baserad p\u00e5 12 principer vars syfte \u00e4r att bidra till mer milj\u00f6v\u00e4nlig och h\u00e5llbar kemi.","robots":{"index":"index","follow":"follow","max-snippet":"max-snippet:-1","max-image-preview":"max-image-preview:large","max-video-preview":"max-video-preview:-1"},"canonical":"https:\/\/chesse.org\/sv\/gron-kemi\/vad-ar-gron-kemi\/","og_locale":"sv_SE","og_type":"article","og_title":"Vad \u00e4r gr\u00f6n kemi? &#8211; Chemical Safety in Science Education","og_description":"Gr\u00f6n kemi \u00e4r baserad p\u00e5 12 principer vars syfte \u00e4r att bidra till mer milj\u00f6v\u00e4nlig och h\u00e5llbar kemi.","og_url":"https:\/\/chesse.org\/sv\/gron-kemi\/vad-ar-gron-kemi\/","og_site_name":"Chemical Safety in Science Education","article_modified_time":"2025-12-04T20:25:56+00:00","og_image":[{"width":1200,"height":630,"url":"https:\/\/chesse.org\/wp-content\/uploads\/2022\/06\/chesse-sharing.png","type":"image\/png"}],"twitter_card":"summary_large_image","schema":{"@context":"https:\/\/schema.org","@graph":[{"@type":"WebPage","@id":"https:\/\/chesse.org\/sv\/gron-kemi\/vad-ar-gron-kemi\/","url":"https:\/\/chesse.org\/sv\/gron-kemi\/vad-ar-gron-kemi\/","name":"Vad \u00e4r gr\u00f6n kemi? &#8211; Chemical Safety in Science Education","isPartOf":{"@id":"https:\/\/chesse.org\/sv\/#website"},"datePublished":"2023-04-24T09:43:55+00:00","dateModified":"2025-12-04T20:25:56+00:00","description":"Gr\u00f6n kemi \u00e4r baserad p\u00e5 12 principer vars syfte \u00e4r att bidra till mer milj\u00f6v\u00e4nlig och h\u00e5llbar kemi.","breadcrumb":{"@id":"https:\/\/chesse.org\/sv\/gron-kemi\/vad-ar-gron-kemi\/#breadcrumb"},"inLanguage":"sv-SE","potentialAction":[{"@type":"ReadAction","target":["https:\/\/chesse.org\/sv\/gron-kemi\/vad-ar-gron-kemi\/"]}]},{"@type":"BreadcrumbList","@id":"https:\/\/chesse.org\/sv\/gron-kemi\/vad-ar-gron-kemi\/#breadcrumb","itemListElement":[{"@type":"ListItem","position":1,"name":"Hem","item":"https:\/\/chesse.org\/sv\/"},{"@type":"ListItem","position":2,"name":"Gr\u00f6n kemi","item":"https:\/\/chesse.org\/sv\/green-chemistry\/"},{"@type":"ListItem","position":3,"name":"Vad \u00e4r gr\u00f6n kemi?"}]},{"@type":"WebSite","@id":"https:\/\/chesse.org\/sv\/#website","url":"https:\/\/chesse.org\/sv\/","name":"Chemical Safety in Science Education","description":"Condensed, up-to date information for science and chemistry teachers, head of schools and science teacher educators.","publisher":{"@id":"https:\/\/chesse.org\/sv\/#organization"},"potentialAction":[{"@type":"SearchAction","target":{"@type":"EntryPoint","urlTemplate":"https:\/\/chesse.org\/sv\/?s={search_term_string}"},"query-input":{"@type":"PropertyValueSpecification","valueRequired":true,"valueName":"search_term_string"}}],"inLanguage":"sv-SE"},{"@type":"Organization","@id":"https:\/\/chesse.org\/sv\/#organization","name":"Online resources for Chemical Safety in Science Education","url":"https:\/\/chesse.org\/sv\/","logo":{"@type":"ImageObject","inLanguage":"sv-SE","@id":"https:\/\/chesse.org\/sv\/#\/schema\/logo\/image\/","url":"https:\/\/chesse.org\/wp-content\/uploads\/2020\/10\/CheSSE_logo-01.svg","contentUrl":"https:\/\/chesse.org\/wp-content\/uploads\/2020\/10\/CheSSE_logo-01.svg","width":350,"height":100,"caption":"Online resources for Chemical Safety in Science Education"},"image":{"@id":"https:\/\/chesse.org\/sv\/#\/schema\/logo\/image\/"}}]}},"_links":{"self":[{"href":"https:\/\/chesse.org\/sv\/wp-json\/wp\/v2\/pages\/13857","targetHints":{"allow":["GET"]}}],"collection":[{"href":"https:\/\/chesse.org\/sv\/wp-json\/wp\/v2\/pages"}],"about":[{"href":"https:\/\/chesse.org\/sv\/wp-json\/wp\/v2\/types\/page"}],"author":[{"embeddable":true,"href":"https:\/\/chesse.org\/sv\/wp-json\/wp\/v2\/users\/43"}],"replies":[{"embeddable":true,"href":"https:\/\/chesse.org\/sv\/wp-json\/wp\/v2\/comments?post=13857"}],"version-history":[{"count":21,"href":"https:\/\/chesse.org\/sv\/wp-json\/wp\/v2\/pages\/13857\/revisions"}],"predecessor-version":[{"id":16325,"href":"https:\/\/chesse.org\/sv\/wp-json\/wp\/v2\/pages\/13857\/revisions\/16325"}],"up":[{"embeddable":true,"href":"https:\/\/chesse.org\/sv\/wp-json\/wp\/v2\/pages\/11510"}],"wp:attachment":[{"href":"https:\/\/chesse.org\/sv\/wp-json\/wp\/v2\/media?parent=13857"}],"curies":[{"name":"wp","href":"https:\/\/api.w.org\/{rel}","templated":true}]}}