{"id":15439,"date":"2024-11-14T13:57:08","date_gmt":"2024-11-14T12:57:08","guid":{"rendered":"https:\/\/chesse.org\/om-chesse\/"},"modified":"2025-02-12T14:12:30","modified_gmt":"2025-02-12T13:12:30","slug":"om-chesse","status":"publish","type":"page","link":"https:\/\/chesse.org\/sv\/om-chesse\/","title":{"rendered":"Om CheSSE"},"content":{"rendered":"\t\t<div data-elementor-type=\"wp-page\" data-elementor-id=\"15439\" class=\"elementor elementor-15439 elementor-15174\" data-elementor-post-type=\"page\">\n\t\t\t\t\t\t<section class=\"elementor-section elementor-top-section elementor-element elementor-element-5b1581e mainColumns elementor-section-boxed elementor-section-height-default elementor-section-height-default\" data-id=\"5b1581e\" data-element_type=\"section\" data-e-type=\"section\">\n\t\t\t\t\t\t<div class=\"elementor-container elementor-column-gap-default\">\n\t\t\t\t\t<div class=\"elementor-column elementor-col-50 elementor-top-column elementor-element elementor-element-adc4550\" data-id=\"adc4550\" data-element_type=\"column\" data-e-type=\"column\">\n\t\t\t<div class=\"elementor-widget-wrap elementor-element-populated\">\n\t\t\t\t\t\t<div class=\"elementor-element elementor-element-d6caf44 elementor-widget elementor-widget-text-editor\" data-id=\"d6caf44\" data-element_type=\"widget\" data-e-type=\"widget\" data-widget_type=\"text-editor.default\">\n\t\t\t\t<div class=\"elementor-widget-container\">\n\t\t\t\t\t\t\t\t\t<p>Online Resources for Chemical Safety in Science Education, <em>CheSSE<\/em>, var ett tre\u00e5rigt <a href=\"https:\/\/erasmus-plus.ec.europa.eu\/projects\/search\/details\/2020-1-SE01-KA201-077945\"> ERASMUS+ projekt<\/a> som p\u00e5gick mellan 2020 och 2023. Ytterligare finansiering fr\u00e5n ERASMUS+ har beviljats f\u00f6r att revidera chesse.org f\u00f6r att uppfylla EU:s nya kemikalieregler och f\u00f6r att skapa utbildningsmaterial till platsen. <a href=\"https:\/\/erasmus-plus.ec.europa.eu\/projects\/search\/details\/2024-1-NO01-KA220-SCH-000257319\">Uppf\u00f6ljningsprojektet<\/a> kommer att p\u00e5g\u00e5 fr\u00e5n 2024 till 2027. <\/p>\n<p>Det \u00f6vergripande m\u00e5let \u00e4r att ta fram kortfattat, aktuellt och webbaserat material om kemikalies\u00e4kerhet i skolans naturvetenskapliga undervisning. Ett \u00f6nskv\u00e4rt l\u00e5ngsiktigt resultat \u00e4r att l\u00e4rarna k\u00e4nner sig kompetenta och s\u00e4kra n\u00e4r de hanterar kemikalier och hanterar kemikalier relaterade till sin undervisning. <\/p>\n<p>Projektets material utvecklas genom diskussioner och workshops och publiceras p\u00e5 denna webbplats, chesse.org, p\u00e5 de deltagande organisationernas spr\u00e5k och p\u00e5 engelska. Samarbeten med skolpartner, l\u00e4rare och referensgrupper spelar en avg\u00f6rande roll f\u00f6r att forma och f\u00f6rfina projektets inneh\u00e5ll, f\u00f6r att s\u00e4kerst\u00e4lla att det m\u00f6ter alla intressenters behov och f\u00f6rv\u00e4ntningar. <\/p>\n<p><img decoding=\"async\" style=\"float: left; margin-bottom: 20px;\" src=\"https:\/\/chesse.org\/wp-content\/uploads\/ASE-Evaluated-2022-logo-150x150.png\" alt=\"ASE Evaluated 2022-logotyp\" width=\"150\" height=\"150\">I oktober 2022 utf\u00f6rde ASE en &#8221;<a href=\"https:\/\/www.ase.org.uk\/news\/green-tick-chemical-safety-in-science-education\">ASE Green Tick&#8221;-kvalitetss\u00e4kring av chesse.org<\/a>. Denna bed\u00f6mning identifierade omr\u00e5den med styrka och svaghet i inneh\u00e5llet och den kommer att anv\u00e4ndas vid revideringen av webbplatsen. <a href=\"https:\/\/www.ase.org.uk\/resources\/green-tick-evaluations\">ASE Green Tick<\/a> inneb\u00e4r inte att ASE st\u00f6der denna webbplats; rapporten ger snarare f\u00f6rslag p\u00e5 potentiella till\u00e4mpningar och hur chesse.org kan bidra till undervisning och l\u00e4rande. <\/p>\n<h2>M\u00e5lgrupper<\/h2>\n<p>De prim\u00e4ra m\u00e5lgrupperna f\u00f6r projektet \u00e4r l\u00e4rare i kemi och andra naturvetenskapliga \u00e4mnen, skolledare och l\u00e4rarutbildare i naturvetenskap. Inneh\u00e5llet kan ocks\u00e5 vara anv\u00e4ndbart f\u00f6r nationella och regionala myndigheter som st\u00f6der och reglerar anv\u00e4ndningen av kemikalier i undervisningen. Utvecklingen av materialet sker i samarbete med dessa olika intressenter.  <\/p>\n<h2>Partnerorganisationer<\/h2>\n<ul>\n<li>Stockholms universitet, Sverige (koordinator 2020\u20132023)<br \/>Kontaktperson: Jenny Olander, <a href=\"mailto:jenny.olander@krc.su.se\">jenny.olander@krc.su.se<\/a><\/li>\n<li>Helsingfors universitet, Finland<br \/>Kontaktperson: Ari Myllyviita, <a href=\"mailto:ari.myllyviita@helsinki.fi\">ari.myllyviita@helsinki.fi<\/a><\/li>\n<li>Ljubljanas universitet, Slovenien<br \/>Kontaktperson: Vesna Ferk Savec, <a href=\"mailto:vesna.ferk@pef.uni-lj.si\">vesna.ferk@pef.uni-lj.si<\/a><\/li>\n<li>Universitetet i Oslo, Norge (koordinator 2024\u20132027)<br \/>Kontaktperson: Svein Tveit, <a href=\"mailto:svein.tveit@kjemi.uio.no\">svein.tveit@kjemi.uio.no<\/a><\/li>\n<\/ul>\n<ul>\n<li>Katedralskolan Uppsala, Sverige (2024\u20132027)<\/li>\n<\/ul>\n<h2>Citera CheSSE<\/h2>\n<p>Flera f\u00f6rfattare har redigerat de texter som finns p\u00e5 chesse.org. Om du vill citera chesse.org f\u00f6resl\u00e5r vi f\u00f6ljande format (APA 7):<\/p>\n<p>Inneh\u00e5llssidor med publiceringsdatum:<\/p>\n<ul>\n<li>Referera:<br \/>Online-resurser f\u00f6r kemikalies\u00e4kerhet inom naturvetenskaplig utbildning. (\u00e5r, dag m\u00e5nad). <em>Sidans titel.<\/em> https:\/\/chesse.org\/&#8230;\/&#8230;\/<\/li>\n<li>Citati i text:<br \/>(Online Resources for Chemical Safety in Science Education, \u00e5r)<\/li>\n<\/ul>\n<p>Avsnittssidor utan datum f\u00f6r publicering:<\/p>\n<ul>\n<li>Referera till:<br \/>Online Resources for Chemical Safety in Science Education. utan \u00e5rtal <em>Sidans titel.<\/em> H\u00e4mtad \u00e5r-m\u00e5nad-datum, fr\u00e5n https:\/\/chesse.org\/&#8230;\/&#8230;\/<\/li>\n<li>H\u00e4nvisning i text:<br \/>(Online Resources for Chemical Safety in Science Education, u.\u00e5.)<\/li>\n<\/ul>\n<h2>Erk\u00e4nnande<\/h2>\n<p>Allt inneh\u00e5ll p\u00e5 chesse.org publiceras under licensen <a href=\"https:\/\/creativecommons.org\/licenses\/by\/4.0\/deed.sv\">Creative Commons erk\u00e4nnande-dela-lika<\/a>. Detta g\u00f6r det m\u00f6jligt f\u00f6r andra att dela, anpassa och bygga vidare p\u00e5 det tillhandah\u00e5llna materialet, s\u00e5 l\u00e4nge som korrekt tillskrivning ges och eventuella h\u00e4rledda verk distribueras under samma licens. <\/p>\n<h2>AI-deklaration<\/h2>\n<p>Inneh\u00e5llet p\u00e5 chesse.org \u00e4r fr\u00e4mst skapat av m\u00e4nskliga f\u00f6rfattare. AI kan ha anv\u00e4nts f\u00f6r att bearbeta inneh\u00e5ll och \u00f6vers\u00e4ttningar, men allt inneh\u00e5ll granskas och redigeras av m\u00e4nniskor f\u00f6r att uppr\u00e4tth\u00e5lla kvalitet och noggrannhet. AI-genererat inneh\u00e5ll kommer att vara tydligt markerat.  <\/p>\n<h2>Konferenser och andra informationsaktiviteter<\/h2>\n<p>Detta dokument listar aktiviteter som genomf\u00f6rts f\u00f6r att informera om projektet under 2020\u20132023 i Finland, Sverige, Slovenien och Norge.<\/p>\n<ul>\n<li class=\"pdf\" style=\"margin-bottom: 15px;\"><a href=\"https:\/\/chesse.org\/wp-content\/uploads\/ORCheSSE-2020-2023-Dissemination-Activities.pdf\">ORCheSSE-2020-2023-Dissemination-Activities.pdf<\/a><\/li>\n<\/ul>\n<h2 style=\"padding: 0; margin-bottom: 0;\">Lista \u00f6ver f\u00f6rfattare<\/h2>\n\t\t\t\t\t\t\t\t<\/div>\n\t\t\t\t<\/div>\n\t\t\t\t<div class=\"elementor-element elementor-element-d40acc5 elementor-tabs-view-horizontal elementor-widget elementor-widget-tabs\" data-id=\"d40acc5\" data-element_type=\"widget\" data-e-type=\"widget\" data-widget_type=\"tabs.default\">\n\t\t\t\t<div class=\"elementor-widget-container\">\n\t\t\t\t\t\t\t<div class=\"elementor-tabs\">\n\t\t\t<div class=\"elementor-tabs-wrapper\" role=\"tablist\" >\n\t\t\t\t\t\t\t\t\t<div id=\"elementor-tab-title-2221\" class=\"elementor-tab-title elementor-tab-desktop-title\" aria-selected=\"true\" data-tab=\"1\" role=\"tab\" tabindex=\"0\" aria-controls=\"elementor-tab-content-2221\" aria-expanded=\"false\">2020\u20132023<\/div>\n\t\t\t\t\t\t\t\t\t<div id=\"elementor-tab-title-2222\" class=\"elementor-tab-title elementor-tab-desktop-title\" aria-selected=\"false\" data-tab=\"2\" role=\"tab\" tabindex=\"-1\" aria-controls=\"elementor-tab-content-2222\" aria-expanded=\"false\">2024\u20132027<\/div>\n\t\t\t\t\t\t\t<\/div>\n\t\t\t<div class=\"elementor-tabs-content-wrapper\" role=\"tablist\" aria-orientation=\"vertical\">\n\t\t\t\t\t\t\t\t\t<div class=\"elementor-tab-title elementor-tab-mobile-title\" aria-selected=\"true\" data-tab=\"1\" role=\"tab\" tabindex=\"0\" aria-controls=\"elementor-tab-content-2221\" aria-expanded=\"false\">2020\u20132023<\/div>\n\t\t\t\t\t<div id=\"elementor-tab-content-2221\" class=\"elementor-tab-content elementor-clearfix\" data-tab=\"1\" role=\"tabpanel\" aria-labelledby=\"elementor-tab-title-2221\" tabindex=\"0\" hidden=\"false\"><ul>\n<li>Ferk Savec, Vesna<br \/>Professor, Utbildningsvetenskapliga fakulteten, Ljubljanas Universitetet, Slovenien<\/li>\n<li>Fiskum, Kirsten<br \/>Lektor, Naturfagsenteret, Universitetet i Oslo, Norge<\/li>\n<li>F\u00e6gri, Karoline<br \/>Senior lecturer, Department of Chemistry, University of Oslo, Norway<\/li>\n<li>Haatainen, Outi<br \/>Postdoktoral forskare, Helsingfors universitet, Finland<\/li>\n<li>Holland, Sara<br \/>F\u00f6rstel\u00e4rare, Katedralskolan, Uppsala, Sverige<\/li>\n<li>Hrast, \u0160pela<br \/>L\u00e4rarassistent, Utbildningsvetenskapliga fakulteten, Ljubljanas Universitetet, Slovenien<\/li>\n<li>Klemen, Taja<br \/>Undervisningsassistent, Utbildningsvetenskapliga fakulteten, Ljubljanas universitet, Slovenien<\/li>\n<li>Lampiselk\u00e4, Jarkko<br \/>Universitetslektor, Helsingfors universitet, Finland<\/li>\n<li>Mlinarec, Katarina<br \/>Undervisningsassistent, Utbildningsvetenskapliga fakulteten, Ljubljanas Universitetet, Slovenien<\/li>\n<li>Myllyviita, Ari<br \/>Lektor, l\u00e4rarutbildningen i Vik vid Helsingfors universitet, Finland<\/li>\n<li>Olander, Jenny<br \/>F\u00f6rest\u00e5ndare, Kemil\u00e4rarnas resurscentrum, Stockholms universitet, Sverige<\/li>\n<li>Pernaa, Johannes<br \/>Universitetslektor, Helsingfors universitet, Finland<\/li>\n<li>Salmij\u00e4rvi, Jenna<br \/>NO-l\u00e4rare, Ehnroos skola, M\u00e4nts\u00e4l\u00e4, Finland<\/li>\n<li>Stenberg, Cecilia<br \/>Projektledare, Kemil\u00e4rarnas resurscentrum, Stockholms universitet, Sverige<\/li>\n<li>S\u00f8rborg, \u00d8ystein<br \/>F\u00f6rel\u00e4sare, Naturfagsenteret, Universitetet i Oslo, Norge<\/li>\n<li>Tveit, Svein<br \/>Universitetsl\u00e4rare, Institutionen f\u00f6r kemi, Universitetet i Oslo, Norge<\/li>\n<li>Vesterinen, Veli-Matti<br \/>Universitetslektor, \u00c5bo universitet, Finland<\/li>\n<\/ul>\n<\/div>\n\t\t\t\t\t\t\t\t\t<div class=\"elementor-tab-title elementor-tab-mobile-title\" aria-selected=\"false\" data-tab=\"2\" role=\"tab\" tabindex=\"-1\" aria-controls=\"elementor-tab-content-2222\" aria-expanded=\"false\">2024\u20132027<\/div>\n\t\t\t\t\t<div id=\"elementor-tab-content-2222\" class=\"elementor-tab-content elementor-clearfix\" data-tab=\"2\" role=\"tabpanel\" aria-labelledby=\"elementor-tab-title-2222\" tabindex=\"0\" hidden=\"hidden\"><ul>\n<li>Ferk Savec, Vesna<br \/>Professor, Utbildningsvetenskapliga fakulteten, Ljubljanas Universitetet, Slovenien<\/li>\n<li>Fiskum, Kirsten<br \/>Lektor, Naturfagsenteret, Universitetet i Oslo, Norge<\/li>\n<li>F\u00e6gri, Karoline<br \/>Universitetslektor, Institutionen f\u00f6r kemi, Universitetet i Oslo, Norge<\/li>\n<li>Holland, Sara<br \/>F\u00f6rstel\u00e4rare, Katedralskolan, Uppsala, Sverige<\/li>\n<li>Jedrinovi\u0107, Sanja<br \/>Chef f\u00f6r avdelningen f\u00f6r didaktiskt st\u00f6d i den IKT-st\u00f6dda pedagogiska processen, Ljubljanas Universitet, Slovenien<\/li>\n<li>Mlinarec, Katarina<br \/>Undervisningsassistent, Utbildningsvetenskapliga fakulteten, Ljubljanas Universitetet, Slovenien<\/li>\n<li>Myllyviita, Ari<br \/>Lektor, l\u00e4rarutbildningen i Vik vid Helsingfors universitet, Finland<\/li>\n<li>Olander, Jenny<br \/>F\u00f6rest\u00e5ndare, Kemil\u00e4rarnas resurscentrum, Stockholms universitet, Sverige<\/li>\n<li>Pernaa, Johannes<br \/>Universitetslektor, Helsingfors universitet, Finland<\/li>\n<li>Salmij\u00e4rvi, Jenna<br \/>NO-l\u00e4rare, Ehnroos skola, M\u00e4nts\u00e4l\u00e4, Finland<\/li>\n<li>Stenberg, Cecilia<br \/>Projektledare, Kemil\u00e4rarnas resurscentrum, Stockholms universitet, Sverige<\/li>\n<li>S\u00f8rborg, \u00d8ystein<br \/>Universitetsl\u00e4rare, Naturfagsenteret, Universitetet i Oslo, Norge<\/li>\n<li>Tveit, Svein<br \/>Universitetsl\u00e4rare, Institutionen f\u00f6r kemi, Universitetet i Oslo, Norge<\/li>\n<\/ul>\n<\/div>\n\t\t\t\t\t\t\t<\/div>\n\t\t<\/div>\n\t\t\t\t\t\t<\/div>\n\t\t\t\t<\/div>\n\t\t\t\t\t<\/div>\n\t\t<\/div>\n\t\t\t\t<aside class=\"elementor-column elementor-col-50 elementor-top-column elementor-element elementor-element-a9197ba\" data-id=\"a9197ba\" data-element_type=\"column\" data-e-type=\"column\">\n\t\t\t<div class=\"elementor-widget-wrap elementor-element-populated\">\n\t\t\t\t\t\t<section class=\"elementor-section elementor-inner-section elementor-element elementor-element-7cf7aa0 elementor-section-boxed elementor-section-height-default elementor-section-height-default\" data-id=\"7cf7aa0\" data-element_type=\"section\" data-e-type=\"section\" data-settings=\"{&quot;background_background&quot;:&quot;classic&quot;}\">\n\t\t\t\t\t\t<div class=\"elementor-container elementor-column-gap-default\">\n\t\t\t\t\t<div class=\"elementor-column elementor-col-100 elementor-inner-column elementor-element elementor-element-289061f\" data-id=\"289061f\" data-element_type=\"column\" data-e-type=\"column\">\n\t\t\t<div class=\"elementor-widget-wrap elementor-element-populated\">\n\t\t\t\t\t\t<div class=\"elementor-element elementor-element-4dcd5c3 elementor-widget elementor-widget-heading\" data-id=\"4dcd5c3\" data-element_type=\"widget\" data-e-type=\"widget\" data-widget_type=\"heading.default\">\n\t\t\t\t<div class=\"elementor-widget-container\">\n\t\t\t\t\t<h2 class=\"elementor-heading-title elementor-size-small\">ORCheSSE ER | Online resources for Chemical Safety in Science Education \u2013 Educational Resources<\/h2>\t\t\t\t<\/div>\n\t\t\t\t<\/div>\n\t\t\t\t<div class=\"elementor-element elementor-element-34a51ea elementor-widget elementor-widget-text-editor\" data-id=\"34a51ea\" data-element_type=\"widget\" data-e-type=\"widget\" data-widget_type=\"text-editor.default\">\n\t\t\t\t<div class=\"elementor-widget-container\">\n\t\t\t\t\t\t\t\t\t<ul>\n<li>Start: 01-09-2024 \u2013 Slut: 31-08-2027<\/li>\n<li>Program: Erasmus+<\/li>\n<li>Key Action: Cooperation partnerships in school education<\/li>\n<li>Action Type: Partnerships for cooperation<\/li>\n<li>Tilldelande myndighet: Norska direktoratet f\u00f6r h\u00f6gre utbildning och kompetens<\/li>\n<li>Budgeterat st\u00f6d: 400 000 Euro<\/li>\n<\/ul>\n<div><a href=\"https:\/\/erasmus-plus.ec.europa.eu\/projects\/search\/details\/2024-1-NO01-KA220-SCH-000257319\">Mer information<\/a><\/div>\n\t\t\t\t\t\t\t\t<\/div>\n\t\t\t\t<\/div>\n\t\t\t\t\t<\/div>\n\t\t<\/div>\n\t\t\t\t\t<\/div>\n\t\t<\/section>\n\t\t\t\t<section class=\"elementor-section elementor-inner-section elementor-element elementor-element-010a991 elementor-section-boxed elementor-section-height-default elementor-section-height-default\" data-id=\"010a991\" data-element_type=\"section\" data-e-type=\"section\" data-settings=\"{&quot;background_background&quot;:&quot;classic&quot;}\">\n\t\t\t\t\t\t<div class=\"elementor-container elementor-column-gap-default\">\n\t\t\t\t\t<div class=\"elementor-column elementor-col-100 elementor-inner-column elementor-element elementor-element-d48de22\" data-id=\"d48de22\" data-element_type=\"column\" data-e-type=\"column\">\n\t\t\t<div class=\"elementor-widget-wrap elementor-element-populated\">\n\t\t\t\t\t\t<div class=\"elementor-element elementor-element-7207174 elementor-widget elementor-widget-heading\" data-id=\"7207174\" data-element_type=\"widget\" data-e-type=\"widget\" data-widget_type=\"heading.default\">\n\t\t\t\t<div class=\"elementor-widget-container\">\n\t\t\t\t\t<h2 class=\"elementor-heading-title elementor-size-small\">ORCheSSE | Online resources for Chemical Safety in Science Education<\/h2>\t\t\t\t<\/div>\n\t\t\t\t<\/div>\n\t\t\t\t<div class=\"elementor-element elementor-element-48b08fd elementor-widget elementor-widget-text-editor\" data-id=\"48b08fd\" data-element_type=\"widget\" data-e-type=\"widget\" data-widget_type=\"text-editor.default\">\n\t\t\t\t<div class=\"elementor-widget-container\">\n\t\t\t\t\t\t\t\t\t<ul>\n<li>Start: 2020-09-01 \u2013 Slut: 2023-08-31<\/li>\n<li>Program: Erasmus+<\/li>\n<li>Key Action: Cooperation for innovation and the exchange of good practices<\/li>\n<li>Action Type: Strategic Partnerships for school education<\/li>\n<li>Beviljande myndighet: Universitets- och h\u00f6gskoler\u00e5det<\/li>\n<li>Beviljad budget: 324 685 euro<\/li>\n<\/ul>\n<div><a href=\"https:\/\/erasmus-plus.ec.europa.eu\/projects\/search\/details\/2020-1-SE01-KA201-077945\">Mer information<\/a><\/div>\n\t\t\t\t\t\t\t\t<\/div>\n\t\t\t\t<\/div>\n\t\t\t\t\t<\/div>\n\t\t<\/div>\n\t\t\t\t\t<\/div>\n\t\t<\/section>\n\t\t\t\t\t<\/div>\n\t\t<\/aside>\n\t\t\t\t\t<\/div>\n\t\t<\/section>\n\t\t\t\t<\/div>\n\t\t","protected":false},"excerpt":{"rendered":"<p>Online Resources for Chemical Safety in Science Education, CheSSE, var ett tre\u00e5rigt ERASMUS+ projekt som p\u00e5gick mellan 2020 och 2023. Ytterligare finansiering fr\u00e5n ERASMUS+ har beviljats f\u00f6r att revidera chesse.org f\u00f6r att uppfylla EU:s nya kemikalieregler och f\u00f6r att skapa utbildningsmaterial till platsen. Uppf\u00f6ljningsprojektet kommer att p\u00e5g\u00e5 fr\u00e5n 2024 till 2027. Det \u00f6vergripande m\u00e5let \u00e4r &hellip; <a href=\"https:\/\/chesse.org\/sv\/om-chesse\/\" class=\"more-link\">Forts\u00e4tt l\u00e4sa <span class=\"screen-reader-text\">Om CheSSE<\/span> <span class=\"meta-nav\">&rarr;<\/span><\/a><\/p>\n","protected":false},"author":43,"featured_media":0,"parent":0,"menu_order":0,"comment_status":"closed","ping_status":"closed","template":"","meta":{"footnotes":""},"class_list":["post-15439","page","type-page","status-publish","hentry"],"yoast_head":"<!-- This site is optimized with the Yoast SEO plugin v27.3 - https:\/\/yoast.com\/product\/yoast-seo-wordpress\/ -->\n<title>Om CheSSE &#8211; Chemical Safety in Science Education<\/title>\n<meta name=\"robots\" content=\"index, follow, max-snippet:-1, max-image-preview:large, max-video-preview:-1\" \/>\n<link rel=\"canonical\" href=\"https:\/\/chesse.org\/sv\/om-chesse\/\" \/>\n<meta property=\"og:locale\" content=\"sv_SE\" \/>\n<meta property=\"og:type\" content=\"article\" \/>\n<meta property=\"og:title\" content=\"Om CheSSE &#8211; Chemical Safety in Science Education\" \/>\n<meta property=\"og:description\" content=\"Online Resources for Chemical Safety in Science Education, CheSSE, var ett tre\u00e5rigt ERASMUS+ projekt som p\u00e5gick mellan 2020 och 2023. Ytterligare finansiering fr\u00e5n ERASMUS+ har beviljats f\u00f6r att revidera chesse.org f\u00f6r att uppfylla EU:s nya kemikalieregler och f\u00f6r att skapa utbildningsmaterial till platsen. Uppf\u00f6ljningsprojektet kommer att p\u00e5g\u00e5 fr\u00e5n 2024 till 2027. Det \u00f6vergripande m\u00e5let \u00e4r &hellip; Forts\u00e4tt l\u00e4sa Om CheSSE &rarr;\" \/>\n<meta property=\"og:url\" content=\"https:\/\/chesse.org\/sv\/om-chesse\/\" \/>\n<meta property=\"og:site_name\" content=\"Chemical Safety in Science Education\" \/>\n<meta property=\"article:modified_time\" content=\"2025-02-12T13:12:30+00:00\" \/>\n<meta property=\"og:image\" content=\"https:\/\/chesse.org\/wp-content\/uploads\/ASE-Evaluated-2022-logo-150x150.png\" \/>\n<meta name=\"twitter:card\" content=\"summary_large_image\" \/>\n<script type=\"application\/ld+json\" class=\"yoast-schema-graph\">{\"@context\":\"https:\\\/\\\/schema.org\",\"@graph\":[{\"@type\":\"WebPage\",\"@id\":\"https:\\\/\\\/chesse.org\\\/sv\\\/om-chesse\\\/\",\"url\":\"https:\\\/\\\/chesse.org\\\/sv\\\/om-chesse\\\/\",\"name\":\"Om CheSSE &#8211; Chemical Safety in Science Education\",\"isPartOf\":{\"@id\":\"https:\\\/\\\/chesse.org\\\/sv\\\/#website\"},\"primaryImageOfPage\":{\"@id\":\"https:\\\/\\\/chesse.org\\\/sv\\\/om-chesse\\\/#primaryimage\"},\"image\":{\"@id\":\"https:\\\/\\\/chesse.org\\\/sv\\\/om-chesse\\\/#primaryimage\"},\"thumbnailUrl\":\"https:\\\/\\\/chesse.org\\\/wp-content\\\/uploads\\\/ASE-Evaluated-2022-logo-150x150.png\",\"datePublished\":\"2024-11-14T12:57:08+00:00\",\"dateModified\":\"2025-02-12T13:12:30+00:00\",\"breadcrumb\":{\"@id\":\"https:\\\/\\\/chesse.org\\\/sv\\\/om-chesse\\\/#breadcrumb\"},\"inLanguage\":\"sv-SE\",\"potentialAction\":[{\"@type\":\"ReadAction\",\"target\":[\"https:\\\/\\\/chesse.org\\\/sv\\\/om-chesse\\\/\"]}]},{\"@type\":\"ImageObject\",\"inLanguage\":\"sv-SE\",\"@id\":\"https:\\\/\\\/chesse.org\\\/sv\\\/om-chesse\\\/#primaryimage\",\"url\":\"https:\\\/\\\/chesse.org\\\/wp-content\\\/uploads\\\/ASE-Evaluated-2022-logo-150x150.png\",\"contentUrl\":\"https:\\\/\\\/chesse.org\\\/wp-content\\\/uploads\\\/ASE-Evaluated-2022-logo-150x150.png\"},{\"@type\":\"BreadcrumbList\",\"@id\":\"https:\\\/\\\/chesse.org\\\/sv\\\/om-chesse\\\/#breadcrumb\",\"itemListElement\":[{\"@type\":\"ListItem\",\"position\":1,\"name\":\"Hem\",\"item\":\"https:\\\/\\\/chesse.org\\\/sv\\\/\"},{\"@type\":\"ListItem\",\"position\":2,\"name\":\"Om CheSSE\"}]},{\"@type\":\"WebSite\",\"@id\":\"https:\\\/\\\/chesse.org\\\/sv\\\/#website\",\"url\":\"https:\\\/\\\/chesse.org\\\/sv\\\/\",\"name\":\"Chemical Safety in Science Education\",\"description\":\"Condensed, up-to date information for science and chemistry teachers, head of schools and science teacher educators.\",\"publisher\":{\"@id\":\"https:\\\/\\\/chesse.org\\\/sv\\\/#organization\"},\"potentialAction\":[{\"@type\":\"SearchAction\",\"target\":{\"@type\":\"EntryPoint\",\"urlTemplate\":\"https:\\\/\\\/chesse.org\\\/sv\\\/?s={search_term_string}\"},\"query-input\":{\"@type\":\"PropertyValueSpecification\",\"valueRequired\":true,\"valueName\":\"search_term_string\"}}],\"inLanguage\":\"sv-SE\"},{\"@type\":\"Organization\",\"@id\":\"https:\\\/\\\/chesse.org\\\/sv\\\/#organization\",\"name\":\"Online resources for Chemical Safety in Science Education\",\"url\":\"https:\\\/\\\/chesse.org\\\/sv\\\/\",\"logo\":{\"@type\":\"ImageObject\",\"inLanguage\":\"sv-SE\",\"@id\":\"https:\\\/\\\/chesse.org\\\/sv\\\/#\\\/schema\\\/logo\\\/image\\\/\",\"url\":\"https:\\\/\\\/chesse.org\\\/wp-content\\\/uploads\\\/2020\\\/10\\\/CheSSE_logo-01.svg\",\"contentUrl\":\"https:\\\/\\\/chesse.org\\\/wp-content\\\/uploads\\\/2020\\\/10\\\/CheSSE_logo-01.svg\",\"width\":350,\"height\":100,\"caption\":\"Online resources for Chemical Safety in Science Education\"},\"image\":{\"@id\":\"https:\\\/\\\/chesse.org\\\/sv\\\/#\\\/schema\\\/logo\\\/image\\\/\"}}]}<\/script>\n<!-- \/ Yoast SEO plugin. -->","yoast_head_json":{"title":"Om CheSSE &#8211; Chemical Safety in Science Education","robots":{"index":"index","follow":"follow","max-snippet":"max-snippet:-1","max-image-preview":"max-image-preview:large","max-video-preview":"max-video-preview:-1"},"canonical":"https:\/\/chesse.org\/sv\/om-chesse\/","og_locale":"sv_SE","og_type":"article","og_title":"Om CheSSE &#8211; Chemical Safety in Science Education","og_description":"Online Resources for Chemical Safety in Science Education, CheSSE, var ett tre\u00e5rigt ERASMUS+ projekt som p\u00e5gick mellan 2020 och 2023. Ytterligare finansiering fr\u00e5n ERASMUS+ har beviljats f\u00f6r att revidera chesse.org f\u00f6r att uppfylla EU:s nya kemikalieregler och f\u00f6r att skapa utbildningsmaterial till platsen. Uppf\u00f6ljningsprojektet kommer att p\u00e5g\u00e5 fr\u00e5n 2024 till 2027. Det \u00f6vergripande m\u00e5let \u00e4r &hellip; Forts\u00e4tt l\u00e4sa Om CheSSE &rarr;","og_url":"https:\/\/chesse.org\/sv\/om-chesse\/","og_site_name":"Chemical Safety in Science Education","article_modified_time":"2025-02-12T13:12:30+00:00","og_image":[{"url":"https:\/\/chesse.org\/wp-content\/uploads\/ASE-Evaluated-2022-logo-150x150.png","type":"","width":"","height":""}],"twitter_card":"summary_large_image","schema":{"@context":"https:\/\/schema.org","@graph":[{"@type":"WebPage","@id":"https:\/\/chesse.org\/sv\/om-chesse\/","url":"https:\/\/chesse.org\/sv\/om-chesse\/","name":"Om CheSSE &#8211; Chemical Safety in Science Education","isPartOf":{"@id":"https:\/\/chesse.org\/sv\/#website"},"primaryImageOfPage":{"@id":"https:\/\/chesse.org\/sv\/om-chesse\/#primaryimage"},"image":{"@id":"https:\/\/chesse.org\/sv\/om-chesse\/#primaryimage"},"thumbnailUrl":"https:\/\/chesse.org\/wp-content\/uploads\/ASE-Evaluated-2022-logo-150x150.png","datePublished":"2024-11-14T12:57:08+00:00","dateModified":"2025-02-12T13:12:30+00:00","breadcrumb":{"@id":"https:\/\/chesse.org\/sv\/om-chesse\/#breadcrumb"},"inLanguage":"sv-SE","potentialAction":[{"@type":"ReadAction","target":["https:\/\/chesse.org\/sv\/om-chesse\/"]}]},{"@type":"ImageObject","inLanguage":"sv-SE","@id":"https:\/\/chesse.org\/sv\/om-chesse\/#primaryimage","url":"https:\/\/chesse.org\/wp-content\/uploads\/ASE-Evaluated-2022-logo-150x150.png","contentUrl":"https:\/\/chesse.org\/wp-content\/uploads\/ASE-Evaluated-2022-logo-150x150.png"},{"@type":"BreadcrumbList","@id":"https:\/\/chesse.org\/sv\/om-chesse\/#breadcrumb","itemListElement":[{"@type":"ListItem","position":1,"name":"Hem","item":"https:\/\/chesse.org\/sv\/"},{"@type":"ListItem","position":2,"name":"Om CheSSE"}]},{"@type":"WebSite","@id":"https:\/\/chesse.org\/sv\/#website","url":"https:\/\/chesse.org\/sv\/","name":"Chemical Safety in Science Education","description":"Condensed, up-to date information for science and chemistry teachers, head of schools and science teacher educators.","publisher":{"@id":"https:\/\/chesse.org\/sv\/#organization"},"potentialAction":[{"@type":"SearchAction","target":{"@type":"EntryPoint","urlTemplate":"https:\/\/chesse.org\/sv\/?s={search_term_string}"},"query-input":{"@type":"PropertyValueSpecification","valueRequired":true,"valueName":"search_term_string"}}],"inLanguage":"sv-SE"},{"@type":"Organization","@id":"https:\/\/chesse.org\/sv\/#organization","name":"Online resources for Chemical Safety in Science Education","url":"https:\/\/chesse.org\/sv\/","logo":{"@type":"ImageObject","inLanguage":"sv-SE","@id":"https:\/\/chesse.org\/sv\/#\/schema\/logo\/image\/","url":"https:\/\/chesse.org\/wp-content\/uploads\/2020\/10\/CheSSE_logo-01.svg","contentUrl":"https:\/\/chesse.org\/wp-content\/uploads\/2020\/10\/CheSSE_logo-01.svg","width":350,"height":100,"caption":"Online resources for Chemical Safety in Science Education"},"image":{"@id":"https:\/\/chesse.org\/sv\/#\/schema\/logo\/image\/"}}]}},"_links":{"self":[{"href":"https:\/\/chesse.org\/sv\/wp-json\/wp\/v2\/pages\/15439","targetHints":{"allow":["GET"]}}],"collection":[{"href":"https:\/\/chesse.org\/sv\/wp-json\/wp\/v2\/pages"}],"about":[{"href":"https:\/\/chesse.org\/sv\/wp-json\/wp\/v2\/types\/page"}],"author":[{"embeddable":true,"href":"https:\/\/chesse.org\/sv\/wp-json\/wp\/v2\/users\/43"}],"replies":[{"embeddable":true,"href":"https:\/\/chesse.org\/sv\/wp-json\/wp\/v2\/comments?post=15439"}],"version-history":[{"count":7,"href":"https:\/\/chesse.org\/sv\/wp-json\/wp\/v2\/pages\/15439\/revisions"}],"predecessor-version":[{"id":15551,"href":"https:\/\/chesse.org\/sv\/wp-json\/wp\/v2\/pages\/15439\/revisions\/15551"}],"wp:attachment":[{"href":"https:\/\/chesse.org\/sv\/wp-json\/wp\/v2\/media?parent=15439"}],"curies":[{"name":"wp","href":"https:\/\/api.w.org\/{rel}","templated":true}]}}