{"id":5456,"date":"2022-11-29T17:08:01","date_gmt":"2022-11-29T16:08:01","guid":{"rendered":"https:\/\/chesse.org\/lagstiftning\/lagstiftning-som-begransar-anvandningen-av-kemikalier\/"},"modified":"2022-11-29T17:52:23","modified_gmt":"2022-11-29T16:52:23","slug":"lagstiftning-som-begransar-anvandningen-av-kemikalier","status":"publish","type":"page","link":"https:\/\/chesse.org\/sv\/lagstiftning\/lagstiftning-som-begransar-anvandningen-av-kemikalier\/","title":{"rendered":"Lagstiftning som begr\u00e4nsar anv\u00e4ndningen av kemikalier"},"content":{"rendered":"\t\t<div data-elementor-type=\"wp-page\" data-elementor-id=\"5456\" class=\"elementor elementor-5456 elementor-2841\" data-elementor-post-type=\"page\">\n\t\t\t\t\t\t<section class=\"elementor-section elementor-top-section elementor-element elementor-element-c5fab45 elementor-section-boxed elementor-section-height-default elementor-section-height-default\" data-id=\"c5fab45\" data-element_type=\"section\" data-e-type=\"section\">\n\t\t\t\t\t\t<div class=\"elementor-container elementor-column-gap-default\">\n\t\t\t\t\t<div class=\"elementor-column elementor-col-100 elementor-top-column elementor-element elementor-element-9f1143f\" data-id=\"9f1143f\" data-element_type=\"column\" data-e-type=\"column\">\n\t\t\t<div class=\"elementor-widget-wrap elementor-element-populated\">\n\t\t\t\t\t\t<div class=\"elementor-element elementor-element-375e4f0 standfirst elementor-widget elementor-widget-text-editor\" data-id=\"375e4f0\" data-element_type=\"widget\" data-e-type=\"widget\" data-widget_type=\"text-editor.default\">\n\t\t\t\t<div class=\"elementor-widget-container\">\n\t\t\t\t\t\t\t\t\t<p>Restriktioner g\u00e4llande anv\u00e4ndning av vissa kemikalier baserade p\u00e5 deras farliga egenskaper eller m\u00f6jligheten att anv\u00e4nda dem som utg\u00e5ngs\u00e4mnen vid tillverkning av farliga \u00e4mnen.<\/p>\n\t\t\t\t\t\t\t\t<\/div>\n\t\t\t\t<\/div>\n\t\t\t\t<div class=\"elementor-element elementor-element-55b5fed elementor-toc--content-ellipsis elementor-widget elementor-widget-global elementor-global-4867 elementor-global-3097 elementor-widget-table-of-contents\" data-id=\"55b5fed\" data-element_type=\"widget\" data-e-type=\"widget\" data-settings=\"{&quot;headings_by_tags&quot;:[&quot;h2&quot;,&quot;h3&quot;],&quot;exclude_headings_by_selector&quot;:&quot;.noTOC&quot;,&quot;marker_view&quot;:&quot;bullets&quot;,&quot;icon&quot;:{&quot;value&quot;:&quot;fas fa-circle&quot;,&quot;library&quot;:&quot;fa-solid&quot;},&quot;no_headings_message&quot;:&quot;Inga rubriker hittades p\\u00e5 denna sida.&quot;,&quot;hierarchical_view&quot;:&quot;yes&quot;,&quot;min_height&quot;:{&quot;unit&quot;:&quot;px&quot;,&quot;size&quot;:&quot;&quot;,&quot;sizes&quot;:[]},&quot;min_height_tablet&quot;:{&quot;unit&quot;:&quot;px&quot;,&quot;size&quot;:&quot;&quot;,&quot;sizes&quot;:[]},&quot;min_height_mobile&quot;:{&quot;unit&quot;:&quot;px&quot;,&quot;size&quot;:&quot;&quot;,&quot;sizes&quot;:[]}}\" data-widget_type=\"table-of-contents.default\">\n\t\t\t\t<div class=\"elementor-widget-container\">\n\t\t\t\t\t\t\t\t\t<div class=\"elementor-toc__header\">\n\t\t\t\t\t\t<div class=\"elementor-toc__header-title\">\n\t\t\t\tInneh\u00e5ll\t\t\t<\/div>\n\t\t\t\t\t\t\t\t<\/div>\n\t\t\t\t<div id=\"elementor-toc__55b5fed\" class=\"elementor-toc__body\">\n\t\t\t<div class=\"elementor-toc__spinner-container\">\n\t\t\t\t<i class=\"elementor-toc__spinner eicon-animation-spin eicon-loading\" aria-hidden=\"true\"><\/i>\t\t\t<\/div>\n\t\t<\/div>\n\t\t\t\t\t\t<\/div>\n\t\t\t\t<\/div>\n\t\t\t\t<div class=\"elementor-element elementor-element-87143ed elementor-widget elementor-widget-text-editor\" data-id=\"87143ed\" data-element_type=\"widget\" data-e-type=\"widget\" data-widget_type=\"text-editor.default\">\n\t\t\t\t<div class=\"elementor-widget-container\">\n\t\t\t\t\t\t\t\t\t<h2>Kemikalier med restriktioner<\/h2>\n<p>Anv\u00e4ndning av vissa kemikalier \u00e4r, av olika sk\u00e4l, <em>begr\u00e4nsad<\/em>. Det kan bero p\u00e5 fysikaliska, h\u00e4lso- eller milj\u00f6farliga egenskaper, exempelvis att kemikalien \u00e4r hormonst\u00f6rande. <\/p>\n<p>Vissa kemikalier har restriktioner p\u00e5 grund av risker kopplade till m\u00f6jliga anv\u00e4ndningsomr\u00e5den. Det g\u00e4ller till exempel att de kan anv\u00e4ndas f\u00f6r att tillverka spr\u00e4ng\u00e4mnen eller illegala droger.<\/p>\n<h3>S\u00e4rskilt farliga \u00e4mnen med h\u00e4lso- eller milj\u00f6faror<\/h3>\n<p>REACH-f\u00f6rordningen (om registrering, utv\u00e4rdering, godk\u00e4nnande och begr\u00e4nsning av kemikalier) omfattar identifiering och reglering av farliga kemikalier. \u00c4mnen som har allvarliga effekter p\u00e5 m\u00e4nniskors h\u00e4lsa eller milj\u00f6n definieras som s\u00e4rskilt farliga \u00e4mnen (SVHC).<\/p>\n<p>F\u00f6r att kontrollera riskerna med SVHC-\u00e4mnen kr\u00e4vs det i vissa fall tillst\u00e5nd f\u00f6r anv\u00e4ndning fr\u00e5n EU-kommissionen. Syftet \u00e4r att se till att SVHC-\u00e4mnen identifieras och gradvis ers\u00e4tts med mindre farliga \u00e4mnen eller andra tekniker n\u00e4r det \u00e4r m\u00f6jligt.<\/p>\n\t\t\t\t\t\t\t\t<\/div>\n\t\t\t\t<\/div>\n\t\t\t\t<div class=\"elementor-element elementor-element-7a72358 elementor-widget elementor-widget-text-editor\" data-id=\"7a72358\" data-element_type=\"widget\" data-e-type=\"widget\" data-widget_type=\"text-editor.default\">\n\t\t\t\t<div class=\"elementor-widget-container\">\n\t\t\t\t\t\t\t\t\t<table class=\"chesseTable\">\n<caption>F\u00f6rteckningar \u00f6ver S\u00e4rskilt farliga \u00e4mnen (SVHC- Substances of very high concern).<\/caption>\n<tbody>\n<tr>\n<th id=\"authorisation\" class=\"orange\" style=\"width: 30%;font-size: larger;text-align: center\">Tillst\u00e5ndsf\u00f6rteckningen<\/th>\n<td class=\"orangeBorder\">\n<ul>\n<li>listar SVHC-\u00e4mnen som \u00e4r tillst\u00e5ndspliktiga<\/li>\n<li>s\u00e5vida inte ett tillst\u00e5nd fr\u00e5n EU-kommisionen erh\u00e5llits kan \u00e4mnet inte tillhandah\u00e5llas eller anv\u00e4ndas<\/li>\n<li><a href=\"https:\/\/echa.europa.eu\/authorisation-list\" aria-labelledby=\"authorisation\">publicerad p\u00e5 ECHA:s hemsida<\/a> och i bilaga XIV i REACH-f\u00f6rordningen<\/li>\n<li>reglerna g\u00e4ller i hela EU<\/li>\n<li>nya \u00e4mnen l\u00e4ggs regelbundet till i Tillst\u00e5ndsf\u00f6rteckningen<\/li>\n<\/ul>\n<\/td>\n<\/tr>\n<tr>\n<th id=\"candidate\" class=\"orange\" style=\"font-size: larger;text-align: center\">Kandidatf\u00f6rteckningen<\/th>\n<td class=\"orangeBorder\">\n<ul>\n<li>listar \u00e4mnen som kan bli tillst\u00e5ndspliktiga<\/li>\n<li><a href=\"https:\/\/echa.europa.eu\/en\/candidate-list-table\" aria-labelledby=\"candidate\">publicerad p\u00e5 ECHA:s webbplats<\/a> i enlighet med artikel 59(10) i REACH-f\u00f6rordningen<\/li>\n<li>indikerar vilka kemikalier som anv\u00e4ndare b\u00f6r \u00f6verv\u00e4ga att ers\u00e4tta med mindre farliga alternativ<\/li>\n<\/ul>\n<\/td>\n<\/tr>\n<\/tbody>\n<\/table>\n\t\t\t\t\t\t\t\t<\/div>\n\t\t\t\t<\/div>\n\t\t\t\t<div class=\"elementor-element elementor-element-e989a2d elementor-widget elementor-widget-text-editor\" data-id=\"e989a2d\" data-element_type=\"widget\" data-e-type=\"widget\" data-widget_type=\"text-editor.default\">\n\t\t\t\t<div class=\"elementor-widget-container\">\n\t\t\t\t\t\t\t\t\t<p>Substitution \u00e4r obligatorisk f\u00f6r alla tillst\u00e5ndspliktiga \u00e4mnen och rekommenderas starkt \u00e4ven f\u00f6r \u00e4mnen i kandidatf\u00f6rteckningen. Om substitution inte \u00e4r m\u00f6jlig, kan EU-kommissionen ge tillst\u00e5nd f\u00f6r fortsatt anv\u00e4ndning i de fall anledningen \u00e4r befogad.<\/p><p>&#8221;<em>Vetenskaplig forskning och utveckling<\/em>\u201d \u00e4r dock undantaget krav p\u00e5 tillst\u00e5nd och i REACH definieras det s\u00e5 h\u00e4r: \u201d<em>Vetenskapliga experiment, analyser eller kemisk forskning som utf\u00f6rs under kontrollerade f\u00f6rh\u00e5llanden, varvid de anv\u00e4nda volymerna understiger 1 ton per \u00e5r.<\/em>\u201d Fr\u00e5gan \u00e4r om det alltid r\u00e5der kontrollerade f\u00f6rh\u00e5llanden i kemilaborationer i skolan? Nej, troligen inte. Utbildade kemil\u00e4rare kan genomf\u00f6ra vetenskapliga experiment och analyser under kontrollerade f\u00f6rh\u00e5llanden och d\u00e4rf\u00f6r kan de ing\u00e5 i undantaget om krav p\u00e5 tillst\u00e5nd. D\u00e4remot ska minder\u00e5riga elever inte anv\u00e4nda tillst\u00e5ndspliktiga \u00e4mnen.<\/p><h3>Utfasnings\u00e4mnen och prioriterade riskminsknings\u00e4mnen<\/h3><p>I Sverige har Kemikalieinspektionen (KemI) delat in \u00e4mnen med o\u00f6nskade egenskaper i <a href=\"https:\/\/www.kemi.se\/prioguiden\/start\/prios-kriterier-for-utfasningsamnen-och-prioriterade-riskminskningsamnen\">utfasnings\u00e4mnen och prioriterade riskminsknings\u00e4mnen<\/a>. Kriterierna f\u00f6r utfasnings\u00e4mnen \u00e4r h\u00e4mtade fr\u00e5n det nationella milj\u00f6kvalitetsm\u00e5let Giftfri milj\u00f6<strong>,<\/strong> men speglar \u00e4ven kriterierna f\u00f6r tillst\u00e5ndspr\u00f6vning inom REACH. Prioriterade riskminsknings\u00e4mnen, som \u00e4r en l\u00e4gre niv\u00e5 \u00e4n utfasnings\u00e4mnen, har egenskaper som b\u00f6r ges s\u00e4rskild uppm\u00e4rksamhet, exempelvis milj\u00f6farliga och allergena \u00e4mnen.<\/p><h3>M\u00f6jliga utg\u00e5ngs\u00e4mnen f\u00f6r spr\u00e4ng\u00e4mnen eller olagliga droger<\/h3><p>Vid k\u00f6p av ett \u00e4mne som kan anv\u00e4ndas som utg\u00e5ngs\u00e4mne (prekursor) f\u00f6r explosiva varor m\u00e5ste leverant\u00f6ren vid varje ink\u00f6pstillf\u00e4lle kontrollera identitet och tillst\u00e5nd. D\u00e4rf\u00f6r beh\u00f6ver man g\u00f6ra en deklaration d\u00e4r skolans namn och adress anges, samt information kring vad kemikalien i fr\u00e5ga ska anv\u00e4ndas till.<\/p><h3>Andra begr\u00e4nsningar<\/h3><p>Specifik anv\u00e4ndning av en kemikalie kan begr\u00e4nsas om anv\u00e4ndningen utg\u00f6r en oacceptabel risk f\u00f6r m\u00e4nniskors h\u00e4lsa eller milj\u00f6n. I vissa fall kan \u00e4ven tillverkning och leverans av en kemikalie omfattas av en s\u00e5dan begr\u00e4nsning. M\u00e5nga kemikalier \u00e4r begr\u00e4nsade p\u00e5 ett s\u00e5dant s\u00e4tt och kan hittas i bilaga XVII till REACH-f\u00f6rordningen.<\/p><p>Andra europeiska lagar reglerar ytterligare anv\u00e4ndningen av farliga kemikalier, till exempel ett f\u00f6rbud mot anv\u00e4ndning av farliga \u00e4mnen enligt det europeiska leksaksdirektivet.<\/p>\t\t\t\t\t\t\t\t<\/div>\n\t\t\t\t<\/div>\n\t\t\t\t<div class=\"elementor-element elementor-element-7e2a99d elementor-widget elementor-widget-text-editor\" data-id=\"7e2a99d\" data-element_type=\"widget\" data-e-type=\"widget\" data-widget_type=\"text-editor.default\">\n\t\t\t\t<div class=\"elementor-widget-container\">\n\t\t\t\t\t\t\t\t\t<h2>\u00c5tg\u00e4rder f\u00f6r att f\u00f6rhindra obeh\u00f6rig \u00e5tkomst<\/h2><p>Kemikalier som kan vara st\u00f6ldben\u00e4gna m\u00e5ste f\u00f6rvaras p\u00e5 ett s\u00e4kert s\u00e4tt och tillg\u00e5ngen ska vara begr\u00e4nsad.\u00a0 Skolan m\u00e5ste ha en rutin som g\u00f6r att st\u00f6ld, eller betydande och of\u00f6rklarligt svinn, snabbt kan uppt\u00e4ckas. Eventuell st\u00f6ld ska polisanm\u00e4las omedelbart. Odenaturerad etanol, svavelsyra, kaliumnitrat och kaliumpermanganat \u00e4r n\u00e5gra exempel p\u00e5 undervisningskemikalier som kan vara st\u00f6ldbeg\u00e4rliga. Fullst\u00e4ndiga listor \u00f6ver spr\u00e4ng\u00e4mnes- och drogprekursorer finns i nedanst\u00e5ende juridiska dokument.<\/p>\t\t\t\t\t\t\t\t<\/div>\n\t\t\t\t<\/div>\n\t\t\t\t<div class=\"elementor-element elementor-element-4e44120 linkBox elementor-widget elementor-widget-text-editor\" data-id=\"4e44120\" data-element_type=\"widget\" data-e-type=\"widget\" data-widget_type=\"text-editor.default\">\n\t\t\t\t<div class=\"elementor-widget-container\">\n\t\t\t\t\t\t\t\t\t<h2>L\u00e4nkar till lagtexter<\/h2><p><a href=\"https:\/\/eur-lex.europa.eu\/eli\/reg\/2006\/1907\">F\u00f6rordning om registrering, utv\u00e4rdering, godk\u00e4nnande och begr\u00e4nsning av kemikalier (REACH): (EG) nr 1907\/2006<\/a><\/p><p><a href=\"https:\/\/eur-lex.europa.eu\/eli\/reg\/2019\/1148\">F\u00f6rordning om saluf\u00f6ring och anv\u00e4ndning av spr\u00e4ng\u00e4mnesprekursorer (EU) nr 2019\/1148<\/a><\/p><p><a href=\"https:\/\/eur-lex.europa.eu\/eli\/reg\/2013\/1259\">F\u00f6rordning om drogprekursorer: (EG) nr 273\/2004<\/a><\/p><p><a href=\"https:\/\/eur-lex.europa.eu\/eli\/reg\/2019\/1148#id-5ae38cef-a247-4015-9f1e-fa2f171eb2f0\">Listade spr\u00e4ng\u00e4mnesprekursorer: (EU) Nr 2019\/1148, Bilaga I och II<\/a><\/p><p><a href=\"https:\/\/eur-lex.europa.eu\/eli\/reg\/2005\/111#id-51c6cad7-b886-4197-98e5-b669a72099e8\">Listade drogprekursorer: (EG) Nr 111\/2005, Bilaga<\/a><\/p><p><a href=\"https:\/\/www.kemi.se\/prioguiden\/start\/prios-kriterier-for-utfasningsamnen-och-prioriterade-riskminskningsamnen\">Prioguidens kriterier f\u00f6r utfasnings\u00e4mnen och prioriterade riskminsknings\u00e4mnen (KemI)<\/a><\/p>\t\t\t\t\t\t\t\t<\/div>\n\t\t\t\t<\/div>\n\t\t\t\t\t<\/div>\n\t\t<\/div>\n\t\t\t\t\t<\/div>\n\t\t<\/section>\n\t\t\t\t<\/div>\n\t\t","protected":false},"excerpt":{"rendered":"<p>Restriktioner g\u00e4llande anv\u00e4ndning av vissa kemikalier baserade p\u00e5 deras farliga egenskaper eller m\u00f6jligheten att anv\u00e4nda dem som utg\u00e5ngs\u00e4mnen vid tillverkning av farliga \u00e4mnen. Inneh\u00e5ll Kemikalier med restriktioner Anv\u00e4ndning av vissa kemikalier \u00e4r, av olika sk\u00e4l, begr\u00e4nsad. Det kan bero p\u00e5 fysikaliska, h\u00e4lso- eller milj\u00f6farliga egenskaper, exempelvis att kemikalien \u00e4r hormonst\u00f6rande. Vissa kemikalier har restriktioner p\u00e5 &hellip; <a href=\"https:\/\/chesse.org\/sv\/lagstiftning\/lagstiftning-som-begransar-anvandningen-av-kemikalier\/\" class=\"more-link\">Forts\u00e4tt l\u00e4sa <span class=\"screen-reader-text\">Lagstiftning som begr\u00e4nsar anv\u00e4ndningen av kemikalier<\/span> <span class=\"meta-nav\">&rarr;<\/span><\/a><\/p>\n","protected":false},"author":55,"featured_media":0,"parent":4869,"menu_order":2,"comment_status":"closed","ping_status":"closed","template":"","meta":{"footnotes":""},"class_list":["post-5456","page","type-page","status-publish","hentry"],"yoast_head":"<!-- This site is optimized with the Yoast SEO plugin v27.3 - https:\/\/yoast.com\/product\/yoast-seo-wordpress\/ -->\n<title>Lagstiftning som begr\u00e4nsar anv\u00e4ndningen av kemikalier &#8211; Chemical Safety in Science Education<\/title>\n<meta name=\"description\" content=\"Behandlar begr\u00e4nsningar av kemikalier, baserat p\u00e5 deras farliga egenskaper eller anv\u00e4ndning.\" \/>\n<meta name=\"robots\" content=\"index, follow, max-snippet:-1, max-image-preview:large, max-video-preview:-1\" \/>\n<link rel=\"canonical\" href=\"https:\/\/chesse.org\/sv\/lagstiftning\/lagstiftning-som-begransar-anvandningen-av-kemikalier\/\" \/>\n<meta property=\"og:locale\" content=\"sv_SE\" \/>\n<meta property=\"og:type\" content=\"article\" \/>\n<meta property=\"og:title\" content=\"Lagstiftning som begr\u00e4nsar anv\u00e4ndningen av kemikalier &#8211; Chemical Safety in Science Education\" \/>\n<meta property=\"og:description\" content=\"Behandlar begr\u00e4nsningar av kemikalier, baserat p\u00e5 deras farliga egenskaper eller anv\u00e4ndning.\" \/>\n<meta property=\"og:url\" content=\"https:\/\/chesse.org\/sv\/lagstiftning\/lagstiftning-som-begransar-anvandningen-av-kemikalier\/\" \/>\n<meta property=\"og:site_name\" content=\"Chemical Safety in Science Education\" \/>\n<meta property=\"article:modified_time\" content=\"2022-11-29T16:52:23+00:00\" \/>\n<meta property=\"og:image\" content=\"https:\/\/chesse.org\/wp-content\/uploads\/2022\/06\/chesse-sharing.png\" \/>\n\t<meta property=\"og:image:width\" content=\"1200\" \/>\n\t<meta property=\"og:image:height\" content=\"630\" \/>\n\t<meta property=\"og:image:type\" content=\"image\/png\" \/>\n<meta name=\"twitter:card\" content=\"summary_large_image\" \/>\n<script type=\"application\/ld+json\" class=\"yoast-schema-graph\">{\"@context\":\"https:\\\/\\\/schema.org\",\"@graph\":[{\"@type\":\"WebPage\",\"@id\":\"https:\\\/\\\/chesse.org\\\/sv\\\/lagstiftning\\\/lagstiftning-som-begransar-anvandningen-av-kemikalier\\\/\",\"url\":\"https:\\\/\\\/chesse.org\\\/sv\\\/lagstiftning\\\/lagstiftning-som-begransar-anvandningen-av-kemikalier\\\/\",\"name\":\"Lagstiftning som begr\u00e4nsar anv\u00e4ndningen av kemikalier &#8211; Chemical Safety in Science Education\",\"isPartOf\":{\"@id\":\"https:\\\/\\\/chesse.org\\\/sv\\\/#website\"},\"datePublished\":\"2022-11-29T16:08:01+00:00\",\"dateModified\":\"2022-11-29T16:52:23+00:00\",\"description\":\"Behandlar begr\u00e4nsningar av kemikalier, baserat p\u00e5 deras farliga egenskaper eller anv\u00e4ndning.\",\"breadcrumb\":{\"@id\":\"https:\\\/\\\/chesse.org\\\/sv\\\/lagstiftning\\\/lagstiftning-som-begransar-anvandningen-av-kemikalier\\\/#breadcrumb\"},\"inLanguage\":\"sv-SE\",\"potentialAction\":[{\"@type\":\"ReadAction\",\"target\":[\"https:\\\/\\\/chesse.org\\\/sv\\\/lagstiftning\\\/lagstiftning-som-begransar-anvandningen-av-kemikalier\\\/\"]}]},{\"@type\":\"BreadcrumbList\",\"@id\":\"https:\\\/\\\/chesse.org\\\/sv\\\/lagstiftning\\\/lagstiftning-som-begransar-anvandningen-av-kemikalier\\\/#breadcrumb\",\"itemListElement\":[{\"@type\":\"ListItem\",\"position\":1,\"name\":\"Hem\",\"item\":\"https:\\\/\\\/chesse.org\\\/sv\\\/\"},{\"@type\":\"ListItem\",\"position\":2,\"name\":\"Lagstiftning\",\"item\":\"https:\\\/\\\/chesse.org\\\/sv\\\/lagstiftning\\\/\"},{\"@type\":\"ListItem\",\"position\":3,\"name\":\"Lagstiftning som begr\u00e4nsar anv\u00e4ndningen av kemikalier\"}]},{\"@type\":\"WebSite\",\"@id\":\"https:\\\/\\\/chesse.org\\\/sv\\\/#website\",\"url\":\"https:\\\/\\\/chesse.org\\\/sv\\\/\",\"name\":\"Chemical Safety in Science Education\",\"description\":\"Condensed, up-to date information for science and chemistry teachers, head of schools and science teacher educators.\",\"publisher\":{\"@id\":\"https:\\\/\\\/chesse.org\\\/sv\\\/#organization\"},\"potentialAction\":[{\"@type\":\"SearchAction\",\"target\":{\"@type\":\"EntryPoint\",\"urlTemplate\":\"https:\\\/\\\/chesse.org\\\/sv\\\/?s={search_term_string}\"},\"query-input\":{\"@type\":\"PropertyValueSpecification\",\"valueRequired\":true,\"valueName\":\"search_term_string\"}}],\"inLanguage\":\"sv-SE\"},{\"@type\":\"Organization\",\"@id\":\"https:\\\/\\\/chesse.org\\\/sv\\\/#organization\",\"name\":\"Online resources for Chemical Safety in Science Education\",\"url\":\"https:\\\/\\\/chesse.org\\\/sv\\\/\",\"logo\":{\"@type\":\"ImageObject\",\"inLanguage\":\"sv-SE\",\"@id\":\"https:\\\/\\\/chesse.org\\\/sv\\\/#\\\/schema\\\/logo\\\/image\\\/\",\"url\":\"https:\\\/\\\/chesse.org\\\/wp-content\\\/uploads\\\/2020\\\/10\\\/CheSSE_logo-01.svg\",\"contentUrl\":\"https:\\\/\\\/chesse.org\\\/wp-content\\\/uploads\\\/2020\\\/10\\\/CheSSE_logo-01.svg\",\"width\":350,\"height\":100,\"caption\":\"Online resources for Chemical Safety in Science Education\"},\"image\":{\"@id\":\"https:\\\/\\\/chesse.org\\\/sv\\\/#\\\/schema\\\/logo\\\/image\\\/\"}}]}<\/script>\n<!-- \/ Yoast SEO plugin. -->","yoast_head_json":{"title":"Lagstiftning som begr\u00e4nsar anv\u00e4ndningen av kemikalier &#8211; Chemical Safety in Science Education","description":"Behandlar begr\u00e4nsningar av kemikalier, baserat p\u00e5 deras farliga egenskaper eller anv\u00e4ndning.","robots":{"index":"index","follow":"follow","max-snippet":"max-snippet:-1","max-image-preview":"max-image-preview:large","max-video-preview":"max-video-preview:-1"},"canonical":"https:\/\/chesse.org\/sv\/lagstiftning\/lagstiftning-som-begransar-anvandningen-av-kemikalier\/","og_locale":"sv_SE","og_type":"article","og_title":"Lagstiftning som begr\u00e4nsar anv\u00e4ndningen av kemikalier &#8211; Chemical Safety in Science Education","og_description":"Behandlar begr\u00e4nsningar av kemikalier, baserat p\u00e5 deras farliga egenskaper eller anv\u00e4ndning.","og_url":"https:\/\/chesse.org\/sv\/lagstiftning\/lagstiftning-som-begransar-anvandningen-av-kemikalier\/","og_site_name":"Chemical Safety in Science Education","article_modified_time":"2022-11-29T16:52:23+00:00","og_image":[{"width":1200,"height":630,"url":"https:\/\/chesse.org\/wp-content\/uploads\/2022\/06\/chesse-sharing.png","type":"image\/png"}],"twitter_card":"summary_large_image","schema":{"@context":"https:\/\/schema.org","@graph":[{"@type":"WebPage","@id":"https:\/\/chesse.org\/sv\/lagstiftning\/lagstiftning-som-begransar-anvandningen-av-kemikalier\/","url":"https:\/\/chesse.org\/sv\/lagstiftning\/lagstiftning-som-begransar-anvandningen-av-kemikalier\/","name":"Lagstiftning som begr\u00e4nsar anv\u00e4ndningen av kemikalier &#8211; Chemical Safety in Science Education","isPartOf":{"@id":"https:\/\/chesse.org\/sv\/#website"},"datePublished":"2022-11-29T16:08:01+00:00","dateModified":"2022-11-29T16:52:23+00:00","description":"Behandlar begr\u00e4nsningar av kemikalier, baserat p\u00e5 deras farliga egenskaper eller anv\u00e4ndning.","breadcrumb":{"@id":"https:\/\/chesse.org\/sv\/lagstiftning\/lagstiftning-som-begransar-anvandningen-av-kemikalier\/#breadcrumb"},"inLanguage":"sv-SE","potentialAction":[{"@type":"ReadAction","target":["https:\/\/chesse.org\/sv\/lagstiftning\/lagstiftning-som-begransar-anvandningen-av-kemikalier\/"]}]},{"@type":"BreadcrumbList","@id":"https:\/\/chesse.org\/sv\/lagstiftning\/lagstiftning-som-begransar-anvandningen-av-kemikalier\/#breadcrumb","itemListElement":[{"@type":"ListItem","position":1,"name":"Hem","item":"https:\/\/chesse.org\/sv\/"},{"@type":"ListItem","position":2,"name":"Lagstiftning","item":"https:\/\/chesse.org\/sv\/lagstiftning\/"},{"@type":"ListItem","position":3,"name":"Lagstiftning som begr\u00e4nsar anv\u00e4ndningen av kemikalier"}]},{"@type":"WebSite","@id":"https:\/\/chesse.org\/sv\/#website","url":"https:\/\/chesse.org\/sv\/","name":"Chemical Safety in Science Education","description":"Condensed, up-to date information for science and chemistry teachers, head of schools and science teacher educators.","publisher":{"@id":"https:\/\/chesse.org\/sv\/#organization"},"potentialAction":[{"@type":"SearchAction","target":{"@type":"EntryPoint","urlTemplate":"https:\/\/chesse.org\/sv\/?s={search_term_string}"},"query-input":{"@type":"PropertyValueSpecification","valueRequired":true,"valueName":"search_term_string"}}],"inLanguage":"sv-SE"},{"@type":"Organization","@id":"https:\/\/chesse.org\/sv\/#organization","name":"Online resources for Chemical Safety in Science Education","url":"https:\/\/chesse.org\/sv\/","logo":{"@type":"ImageObject","inLanguage":"sv-SE","@id":"https:\/\/chesse.org\/sv\/#\/schema\/logo\/image\/","url":"https:\/\/chesse.org\/wp-content\/uploads\/2020\/10\/CheSSE_logo-01.svg","contentUrl":"https:\/\/chesse.org\/wp-content\/uploads\/2020\/10\/CheSSE_logo-01.svg","width":350,"height":100,"caption":"Online resources for Chemical Safety in Science Education"},"image":{"@id":"https:\/\/chesse.org\/sv\/#\/schema\/logo\/image\/"}}]}},"_links":{"self":[{"href":"https:\/\/chesse.org\/sv\/wp-json\/wp\/v2\/pages\/5456","targetHints":{"allow":["GET"]}}],"collection":[{"href":"https:\/\/chesse.org\/sv\/wp-json\/wp\/v2\/pages"}],"about":[{"href":"https:\/\/chesse.org\/sv\/wp-json\/wp\/v2\/types\/page"}],"author":[{"embeddable":true,"href":"https:\/\/chesse.org\/sv\/wp-json\/wp\/v2\/users\/55"}],"replies":[{"embeddable":true,"href":"https:\/\/chesse.org\/sv\/wp-json\/wp\/v2\/comments?post=5456"}],"version-history":[{"count":75,"href":"https:\/\/chesse.org\/sv\/wp-json\/wp\/v2\/pages\/5456\/revisions"}],"predecessor-version":[{"id":11971,"href":"https:\/\/chesse.org\/sv\/wp-json\/wp\/v2\/pages\/5456\/revisions\/11971"}],"up":[{"embeddable":true,"href":"https:\/\/chesse.org\/sv\/wp-json\/wp\/v2\/pages\/4869"}],"wp:attachment":[{"href":"https:\/\/chesse.org\/sv\/wp-json\/wp\/v2\/media?parent=5456"}],"curies":[{"name":"wp","href":"https:\/\/api.w.org\/{rel}","templated":true}]}}