{"id":5459,"date":"2021-12-07T13:26:44","date_gmt":"2021-12-07T12:26:44","guid":{"rendered":"https:\/\/chesse.org\/lagstiftning\/lagstiftning-om-avfall\/"},"modified":"2024-04-24T11:03:08","modified_gmt":"2024-04-24T09:03:08","slug":"lagstiftning-om-avfall","status":"publish","type":"page","link":"https:\/\/chesse.org\/sv\/lagstiftning\/lagstiftning-om-avfall\/","title":{"rendered":"Lagstiftning om avfall"},"content":{"rendered":"\t\t<div data-elementor-type=\"wp-page\" data-elementor-id=\"5459\" class=\"elementor elementor-5459 elementor-1741\" data-elementor-post-type=\"page\">\n\t\t\t\t\t\t<section class=\"elementor-section elementor-top-section elementor-element elementor-element-70b4522 elementor-section-boxed elementor-section-height-default elementor-section-height-default\" data-id=\"70b4522\" data-element_type=\"section\" data-e-type=\"section\">\n\t\t\t\t\t\t<div class=\"elementor-container elementor-column-gap-default\">\n\t\t\t\t\t<div class=\"elementor-column elementor-col-100 elementor-top-column elementor-element elementor-element-e71bc1a\" data-id=\"e71bc1a\" data-element_type=\"column\" data-e-type=\"column\" id=\"mainLeft\">\n\t\t\t<div class=\"elementor-widget-wrap elementor-element-populated\">\n\t\t\t\t\t\t<div class=\"elementor-element elementor-element-1fd6b4f standfirst elementor-widget elementor-widget-text-editor\" data-id=\"1fd6b4f\" data-element_type=\"widget\" data-e-type=\"widget\" data-widget_type=\"text-editor.default\">\n\t\t\t\t<div class=\"elementor-widget-container\">\n\t\t\t\t\t\t\t\t\t<p>Principer f\u00f6r avfallshantering enligt EU-lagstiftning.<\/p>\n\t\t\t\t\t\t\t\t<\/div>\n\t\t\t\t<\/div>\n\t\t\t\t<div class=\"elementor-element elementor-element-11dfa3a elementor-widget elementor-widget-text-editor\" data-id=\"11dfa3a\" data-element_type=\"widget\" data-e-type=\"widget\" data-widget_type=\"text-editor.default\">\n\t\t\t\t<div class=\"elementor-widget-container\">\n\t\t\t\t\t\t\t\t\t<p><img decoding=\"async\" class=\"size-thumbnail wp-image-10639\" style=\"float: left; margin: 5px 15px 0px 5px;\" role=\"presentation\" src=\"https:\/\/chesse.org\/wp-content\/uploads\/chesse-alert.svg\" alt=\"\" width=\"45\" height=\"45\">Den h\u00e4r sidan tar upp lagstiftningen om avfall.<br \/>F\u00f6r praktiska exempel, se: <a href=\"https:\/\/chesse.org\/sv\/markning-forvaring-och-avfallshantering\/avfallshantering\/\">Avfallshantering<\/a><\/p>\n\t\t\t\t\t\t\t\t<\/div>\n\t\t\t\t<\/div>\n\t\t\t\t<div class=\"elementor-element elementor-element-744b3d2 elementor-widget elementor-widget-text-editor\" data-id=\"744b3d2\" data-element_type=\"widget\" data-e-type=\"widget\" data-widget_type=\"text-editor.default\">\n\t\t\t\t<div class=\"elementor-widget-container\">\n\t\t\t\t\t\t\t\t\t<p>I avfallsdirektivet (WFD) fastst\u00e4lls n\u00e5gra grundl\u00e4ggande principer f\u00f6r avfallshantering: det st\u00e4ller krav p\u00e5 att avfall hanteras utan att \u00e4ventyra m\u00e4nniskors h\u00e4lsa eller skada milj\u00f6n, i synnerhet utan risker f\u00f6r vatten, luft, mark, v\u00e4xter eller djur, utan att orsaka st\u00f6rningar genom buller eller lukt, och utan att det p\u00e5verkar landsbygden eller platser av s\u00e4rskilt intresse negativt.<\/p>\n<p>Avfallspyramiden illustrerar prioriteringarna i avfallsdirektivet. Att f\u00f6rebygga, genom att minimera m\u00e4ngden farligt avfall, \u00e4r h\u00f6gst upp i pyramiden, eftersom det ska prioriteras f\u00f6rst.<\/p>\n\t\t\t\t\t\t\t\t<\/div>\n\t\t\t\t<\/div>\n\t\t\t\t<div class=\"elementor-element elementor-element-584f8ef elementor-widget elementor-widget-text-editor\" data-id=\"584f8ef\" data-element_type=\"widget\" data-e-type=\"widget\" data-widget_type=\"text-editor.default\">\n\t\t\t\t<div class=\"elementor-widget-container\">\n\t\t\t\t\t\t\t\t\t<figure><img decoding=\"async\" class=\"size-full wp-image-2557\" style=\"width: 90vw; max-width: 500px;\" src=\"https:\/\/chesse.org\/wp-content\/uploads\/SE_waste-framework-directive-waste-hierarchy.svg\" alt=\"Modell f\u00f6r avfallshierakin: En upp och nerv\u00e4nd pyramid som \u00e4r vertikalt uppdelad i fem sektioner. Den \u00f6vre och bredaste delen av pyramiden st\u00e5r f\u00f6r: minimera avfall. Pyramidens andra del \u00e4r: \u00e5teranv\u00e4nda. Den tredje delen av pyramiden \u00e4r: \u00e5tervinna material. Den fj\u00e4rde delen av pyramiden \u00e4r: utvinna energi. Den sista och minsta sektionen l\u00e4ngst ner i pyramiden \u00e4r: deponera.\"><figcaption>Avfallsdirektivet (WFD) definierar en hierarki f\u00f6r avfallshantering. \u00c5tg\u00e4rder som leder till en minimering av avfall eller \u00e5teranv\u00e4ndning prioriteras h\u00f6gst, f\u00f6ljt av material\u00e5tervinning och energiutvinning. Deponering av avfall b\u00f6r vara den allra sista utv\u00e4gen. <\/figcaption><\/figure>\n\t\t\t\t\t\t\t\t<\/div>\n\t\t\t\t<\/div>\n\t\t\t\t<div class=\"elementor-element elementor-element-a9aba14 elementor-widget elementor-widget-text-editor\" data-id=\"a9aba14\" data-element_type=\"widget\" data-e-type=\"widget\" data-widget_type=\"text-editor.default\">\n\t\t\t\t<div class=\"elementor-widget-container\">\n\t\t\t\t\t\t\t\t\t<p>En \u00f6vergripande princip f\u00f6r milj\u00f6ansvar \u00e4r att den som f\u00f6rorenar betalar. Principen inneb\u00e4r kortfattat att de som producerar avfall ska ta kostnaderna (producentansvar) f\u00f6r att hantera avfallet och f\u00f6rhindra skador p\u00e5 m\u00e4nniskors h\u00e4lsa eller milj\u00f6n.<\/p>\n<p>Avfallsdirektivet \u00e4r minimikravet f\u00f6r avfallshantering i EU- och EES-l\u00e4nderna, men nationella eller regionala best\u00e4mmelser \u00e4r i m\u00e5nga fall str\u00e4ngare. D\u00e4rf\u00f6r b\u00f6r skolans rektor eller huvudman ta reda p\u00e5 vilka lokala regler som g\u00e4ller f\u00f6r hantering av labbavfall.<\/p>\n\t\t\t\t\t\t\t\t<\/div>\n\t\t\t\t<\/div>\n\t\t\t\t<div class=\"elementor-element elementor-element-b17ea3f linkBox elementor-widget elementor-widget-text-editor\" data-id=\"b17ea3f\" data-element_type=\"widget\" data-e-type=\"widget\" data-widget_type=\"text-editor.default\">\n\t\t\t\t<div class=\"elementor-widget-container\">\n\t\t\t\t\t\t\t\t\t<h2>L\u00e4nkar till lagtexter<\/h2>\n<p><a href=\"https:\/\/data.europa.eu\/eli\/dir\/2008\/98\">Avfallsdirektivet (The Waste Framework Directive, WFD): 2008\/98\/EG<\/a><\/p>\n\t\t\t\t\t\t\t\t<\/div>\n\t\t\t\t<\/div>\n\t\t\t\t\t<\/div>\n\t\t<\/div>\n\t\t\t\t\t<\/div>\n\t\t<\/section>\n\t\t\t\t<\/div>\n\t\t","protected":false},"excerpt":{"rendered":"<p>Principer f\u00f6r avfallshantering enligt EU-lagstiftning. Den h\u00e4r sidan tar upp lagstiftningen om avfall.F\u00f6r praktiska exempel, se: Avfallshantering I avfallsdirektivet (WFD) fastst\u00e4lls n\u00e5gra grundl\u00e4ggande principer f\u00f6r avfallshantering: det st\u00e4ller krav p\u00e5 att avfall hanteras utan att \u00e4ventyra m\u00e4nniskors h\u00e4lsa eller skada milj\u00f6n, i synnerhet utan risker f\u00f6r vatten, luft, mark, v\u00e4xter eller djur, utan att orsaka &hellip; <a href=\"https:\/\/chesse.org\/sv\/lagstiftning\/lagstiftning-om-avfall\/\" class=\"more-link\">Forts\u00e4tt l\u00e4sa <span class=\"screen-reader-text\">Lagstiftning om avfall<\/span> <span class=\"meta-nav\">&rarr;<\/span><\/a><\/p>\n","protected":false},"author":43,"featured_media":0,"parent":4869,"menu_order":3,"comment_status":"closed","ping_status":"closed","template":"","meta":{"footnotes":""},"class_list":["post-5459","page","type-page","status-publish","hentry"],"yoast_head":"<!-- This site is optimized with the Yoast SEO plugin v27.4 - https:\/\/yoast.com\/product\/yoast-seo-wordpress\/ -->\n<title>Lagstiftning om avfall &#8211; Chemical Safety in Science Education<\/title>\n<meta name=\"description\" content=\"Principer f\u00f6r avfallshantering enligt EU-lagstiftning.\" \/>\n<meta name=\"robots\" content=\"index, follow, max-snippet:-1, max-image-preview:large, max-video-preview:-1\" \/>\n<link rel=\"canonical\" href=\"https:\/\/chesse.org\/sv\/lagstiftning\/lagstiftning-om-avfall\/\" \/>\n<meta property=\"og:locale\" content=\"sv_SE\" \/>\n<meta property=\"og:type\" content=\"article\" \/>\n<meta property=\"og:title\" content=\"Lagstiftning om avfall &#8211; Chemical Safety in Science Education\" \/>\n<meta property=\"og:description\" content=\"Principer f\u00f6r avfallshantering enligt EU-lagstiftning.\" \/>\n<meta property=\"og:url\" content=\"https:\/\/chesse.org\/sv\/lagstiftning\/lagstiftning-om-avfall\/\" \/>\n<meta property=\"og:site_name\" content=\"Chemical Safety in Science Education\" \/>\n<meta property=\"article:modified_time\" content=\"2024-04-24T09:03:08+00:00\" \/>\n<meta property=\"og:image\" content=\"https:\/\/chesse.org\/wp-content\/uploads\/chesse-alert.svg\" \/>\n<meta name=\"twitter:card\" content=\"summary_large_image\" \/>\n<script type=\"application\/ld+json\" class=\"yoast-schema-graph\">{\"@context\":\"https:\\\/\\\/schema.org\",\"@graph\":[{\"@type\":\"WebPage\",\"@id\":\"https:\\\/\\\/chesse.org\\\/sv\\\/lagstiftning\\\/lagstiftning-om-avfall\\\/\",\"url\":\"https:\\\/\\\/chesse.org\\\/sv\\\/lagstiftning\\\/lagstiftning-om-avfall\\\/\",\"name\":\"Lagstiftning om avfall &#8211; Chemical Safety in Science Education\",\"isPartOf\":{\"@id\":\"https:\\\/\\\/chesse.org\\\/sv\\\/#website\"},\"primaryImageOfPage\":{\"@id\":\"https:\\\/\\\/chesse.org\\\/sv\\\/lagstiftning\\\/lagstiftning-om-avfall\\\/#primaryimage\"},\"image\":{\"@id\":\"https:\\\/\\\/chesse.org\\\/sv\\\/lagstiftning\\\/lagstiftning-om-avfall\\\/#primaryimage\"},\"thumbnailUrl\":\"https:\\\/\\\/chesse.org\\\/wp-content\\\/uploads\\\/chesse-alert.svg\",\"datePublished\":\"2021-12-07T12:26:44+00:00\",\"dateModified\":\"2024-04-24T09:03:08+00:00\",\"description\":\"Principer f\u00f6r avfallshantering enligt EU-lagstiftning.\",\"breadcrumb\":{\"@id\":\"https:\\\/\\\/chesse.org\\\/sv\\\/lagstiftning\\\/lagstiftning-om-avfall\\\/#breadcrumb\"},\"inLanguage\":\"sv-SE\",\"potentialAction\":[{\"@type\":\"ReadAction\",\"target\":[\"https:\\\/\\\/chesse.org\\\/sv\\\/lagstiftning\\\/lagstiftning-om-avfall\\\/\"]}]},{\"@type\":\"ImageObject\",\"inLanguage\":\"sv-SE\",\"@id\":\"https:\\\/\\\/chesse.org\\\/sv\\\/lagstiftning\\\/lagstiftning-om-avfall\\\/#primaryimage\",\"url\":\"https:\\\/\\\/chesse.org\\\/wp-content\\\/uploads\\\/chesse-alert.svg\",\"contentUrl\":\"https:\\\/\\\/chesse.org\\\/wp-content\\\/uploads\\\/chesse-alert.svg\"},{\"@type\":\"BreadcrumbList\",\"@id\":\"https:\\\/\\\/chesse.org\\\/sv\\\/lagstiftning\\\/lagstiftning-om-avfall\\\/#breadcrumb\",\"itemListElement\":[{\"@type\":\"ListItem\",\"position\":1,\"name\":\"Hem\",\"item\":\"https:\\\/\\\/chesse.org\\\/sv\\\/\"},{\"@type\":\"ListItem\",\"position\":2,\"name\":\"Lagstiftning\",\"item\":\"https:\\\/\\\/chesse.org\\\/sv\\\/lagstiftning\\\/\"},{\"@type\":\"ListItem\",\"position\":3,\"name\":\"Lagstiftning om avfall\"}]},{\"@type\":\"WebSite\",\"@id\":\"https:\\\/\\\/chesse.org\\\/sv\\\/#website\",\"url\":\"https:\\\/\\\/chesse.org\\\/sv\\\/\",\"name\":\"Chemical Safety in Science Education\",\"description\":\"Condensed, up-to date information for science and chemistry teachers, head of schools and science teacher educators.\",\"publisher\":{\"@id\":\"https:\\\/\\\/chesse.org\\\/sv\\\/#organization\"},\"potentialAction\":[{\"@type\":\"SearchAction\",\"target\":{\"@type\":\"EntryPoint\",\"urlTemplate\":\"https:\\\/\\\/chesse.org\\\/sv\\\/?s={search_term_string}\"},\"query-input\":{\"@type\":\"PropertyValueSpecification\",\"valueRequired\":true,\"valueName\":\"search_term_string\"}}],\"inLanguage\":\"sv-SE\"},{\"@type\":\"Organization\",\"@id\":\"https:\\\/\\\/chesse.org\\\/sv\\\/#organization\",\"name\":\"Online resources for Chemical Safety in Science Education\",\"url\":\"https:\\\/\\\/chesse.org\\\/sv\\\/\",\"logo\":{\"@type\":\"ImageObject\",\"inLanguage\":\"sv-SE\",\"@id\":\"https:\\\/\\\/chesse.org\\\/sv\\\/#\\\/schema\\\/logo\\\/image\\\/\",\"url\":\"https:\\\/\\\/chesse.org\\\/wp-content\\\/uploads\\\/2020\\\/10\\\/CheSSE_logo-01.svg\",\"contentUrl\":\"https:\\\/\\\/chesse.org\\\/wp-content\\\/uploads\\\/2020\\\/10\\\/CheSSE_logo-01.svg\",\"width\":350,\"height\":100,\"caption\":\"Online resources for Chemical Safety in Science Education\"},\"image\":{\"@id\":\"https:\\\/\\\/chesse.org\\\/sv\\\/#\\\/schema\\\/logo\\\/image\\\/\"}}]}<\/script>\n<!-- \/ Yoast SEO plugin. -->","yoast_head_json":{"title":"Lagstiftning om avfall &#8211; Chemical Safety in Science Education","description":"Principer f\u00f6r avfallshantering enligt EU-lagstiftning.","robots":{"index":"index","follow":"follow","max-snippet":"max-snippet:-1","max-image-preview":"max-image-preview:large","max-video-preview":"max-video-preview:-1"},"canonical":"https:\/\/chesse.org\/sv\/lagstiftning\/lagstiftning-om-avfall\/","og_locale":"sv_SE","og_type":"article","og_title":"Lagstiftning om avfall &#8211; Chemical Safety in Science Education","og_description":"Principer f\u00f6r avfallshantering enligt EU-lagstiftning.","og_url":"https:\/\/chesse.org\/sv\/lagstiftning\/lagstiftning-om-avfall\/","og_site_name":"Chemical Safety in Science Education","article_modified_time":"2024-04-24T09:03:08+00:00","og_image":[{"url":"https:\/\/chesse.org\/wp-content\/uploads\/chesse-alert.svg","type":"","width":"","height":""}],"twitter_card":"summary_large_image","schema":{"@context":"https:\/\/schema.org","@graph":[{"@type":"WebPage","@id":"https:\/\/chesse.org\/sv\/lagstiftning\/lagstiftning-om-avfall\/","url":"https:\/\/chesse.org\/sv\/lagstiftning\/lagstiftning-om-avfall\/","name":"Lagstiftning om avfall &#8211; Chemical Safety in Science Education","isPartOf":{"@id":"https:\/\/chesse.org\/sv\/#website"},"primaryImageOfPage":{"@id":"https:\/\/chesse.org\/sv\/lagstiftning\/lagstiftning-om-avfall\/#primaryimage"},"image":{"@id":"https:\/\/chesse.org\/sv\/lagstiftning\/lagstiftning-om-avfall\/#primaryimage"},"thumbnailUrl":"https:\/\/chesse.org\/wp-content\/uploads\/chesse-alert.svg","datePublished":"2021-12-07T12:26:44+00:00","dateModified":"2024-04-24T09:03:08+00:00","description":"Principer f\u00f6r avfallshantering enligt EU-lagstiftning.","breadcrumb":{"@id":"https:\/\/chesse.org\/sv\/lagstiftning\/lagstiftning-om-avfall\/#breadcrumb"},"inLanguage":"sv-SE","potentialAction":[{"@type":"ReadAction","target":["https:\/\/chesse.org\/sv\/lagstiftning\/lagstiftning-om-avfall\/"]}]},{"@type":"ImageObject","inLanguage":"sv-SE","@id":"https:\/\/chesse.org\/sv\/lagstiftning\/lagstiftning-om-avfall\/#primaryimage","url":"https:\/\/chesse.org\/wp-content\/uploads\/chesse-alert.svg","contentUrl":"https:\/\/chesse.org\/wp-content\/uploads\/chesse-alert.svg"},{"@type":"BreadcrumbList","@id":"https:\/\/chesse.org\/sv\/lagstiftning\/lagstiftning-om-avfall\/#breadcrumb","itemListElement":[{"@type":"ListItem","position":1,"name":"Hem","item":"https:\/\/chesse.org\/sv\/"},{"@type":"ListItem","position":2,"name":"Lagstiftning","item":"https:\/\/chesse.org\/sv\/lagstiftning\/"},{"@type":"ListItem","position":3,"name":"Lagstiftning om avfall"}]},{"@type":"WebSite","@id":"https:\/\/chesse.org\/sv\/#website","url":"https:\/\/chesse.org\/sv\/","name":"Chemical Safety in Science Education","description":"Condensed, up-to date information for science and chemistry teachers, head of schools and science teacher educators.","publisher":{"@id":"https:\/\/chesse.org\/sv\/#organization"},"potentialAction":[{"@type":"SearchAction","target":{"@type":"EntryPoint","urlTemplate":"https:\/\/chesse.org\/sv\/?s={search_term_string}"},"query-input":{"@type":"PropertyValueSpecification","valueRequired":true,"valueName":"search_term_string"}}],"inLanguage":"sv-SE"},{"@type":"Organization","@id":"https:\/\/chesse.org\/sv\/#organization","name":"Online resources for Chemical Safety in Science Education","url":"https:\/\/chesse.org\/sv\/","logo":{"@type":"ImageObject","inLanguage":"sv-SE","@id":"https:\/\/chesse.org\/sv\/#\/schema\/logo\/image\/","url":"https:\/\/chesse.org\/wp-content\/uploads\/2020\/10\/CheSSE_logo-01.svg","contentUrl":"https:\/\/chesse.org\/wp-content\/uploads\/2020\/10\/CheSSE_logo-01.svg","width":350,"height":100,"caption":"Online resources for Chemical Safety in Science Education"},"image":{"@id":"https:\/\/chesse.org\/sv\/#\/schema\/logo\/image\/"}}]}},"_links":{"self":[{"href":"https:\/\/chesse.org\/sv\/wp-json\/wp\/v2\/pages\/5459","targetHints":{"allow":["GET"]}}],"collection":[{"href":"https:\/\/chesse.org\/sv\/wp-json\/wp\/v2\/pages"}],"about":[{"href":"https:\/\/chesse.org\/sv\/wp-json\/wp\/v2\/types\/page"}],"author":[{"embeddable":true,"href":"https:\/\/chesse.org\/sv\/wp-json\/wp\/v2\/users\/43"}],"replies":[{"embeddable":true,"href":"https:\/\/chesse.org\/sv\/wp-json\/wp\/v2\/comments?post=5459"}],"version-history":[{"count":49,"href":"https:\/\/chesse.org\/sv\/wp-json\/wp\/v2\/pages\/5459\/revisions"}],"predecessor-version":[{"id":14937,"href":"https:\/\/chesse.org\/sv\/wp-json\/wp\/v2\/pages\/5459\/revisions\/14937"}],"up":[{"embeddable":true,"href":"https:\/\/chesse.org\/sv\/wp-json\/wp\/v2\/pages\/4869"}],"wp:attachment":[{"href":"https:\/\/chesse.org\/sv\/wp-json\/wp\/v2\/media?parent=5459"}],"curies":[{"name":"wp","href":"https:\/\/api.w.org\/{rel}","templated":true}]}}